{"id":133,"date":"2024-11-23T14:10:22","date_gmt":"2024-11-23T14:10:22","guid":{"rendered":"https:\/\/zoozobra.com\/atobasart\/?post_type=product&#038;p=133"},"modified":"2024-11-23T14:10:22","modified_gmt":"2024-11-23T14:10:22","slug":"tucan-cambiacolor","status":"publish","type":"product","link":"https:\/\/zoozobra.com\/atobasart\/producto\/tucan-cambiacolor\/","title":{"rendered":"Tuc\u00e1n cambiacolor"},"content":{"rendered":"<p><img loading=\"lazy\" decoding=\"async\" src=\"https:\/\/zoozobra.com\/atobasart\/wp-content\/uploads\/2024\/11\/Tucan_Cambiacolor_N1_by_VictorAtobas_v2-300x212.png\" alt=\"\" width=\"300\" height=\"212\" class=\"aligncenter size-medium wp-image-134\" srcset=\"https:\/\/zoozobra.com\/atobasart\/wp-content\/uploads\/2024\/11\/Tucan_Cambiacolor_N1_by_VictorAtobas_v2-300x212.png 300w, https:\/\/zoozobra.com\/atobasart\/wp-content\/uploads\/2024\/11\/Tucan_Cambiacolor_N1_by_VictorAtobas_v2-1024x724.png 1024w, https:\/\/zoozobra.com\/atobasart\/wp-content\/uploads\/2024\/11\/Tucan_Cambiacolor_N1_by_VictorAtobas_v2-768x543.png 768w, https:\/\/zoozobra.com\/atobasart\/wp-content\/uploads\/2024\/11\/Tucan_Cambiacolor_N1_by_VictorAtobas_v2-1536x1086.png 1536w, https:\/\/zoozobra.com\/atobasart\/wp-content\/uploads\/2024\/11\/Tucan_Cambiacolor_N1_by_VictorAtobas_v2-2048x1448.png 2048w, https:\/\/zoozobra.com\/atobasart\/wp-content\/uploads\/2024\/11\/Tucan_Cambiacolor_N1_by_VictorAtobas_v2-416x294.png 416w\" sizes=\"auto, (max-width: 300px) 100vw, 300px\" \/><\/p>\n<p>Imagen: <em>Tuc\u00e1n cambiacolor<\/em>, V\u00edctor Atobas, 2024<br \/>\nT\u00e9cnica: dibujo con rotuladores al agua<br \/>\nSoporte: papel tama\u00f1o A5 (consulta el precio)<br \/>\n\u00a9 V\u00edctor Atobas, 2024<\/p>\n","protected":false},"excerpt":{"rendered":"<p>Imagen: Tuc\u00e1n cambiacolor, V\u00edctor Atobas, 2024 T\u00e9cnica: dibujo con rotuladores al agua Soporte: papel tama\u00f1o A5 (consulta el precio) \u00a9 V\u00edctor Atobas, 2024<\/p>\n","protected":false},"featured_media":134,"comment_status":"open","ping_status":"closed","template":"","meta":[],"product_brand":[],"product_cat":[25],"product_tag":[27],"class_list":{"0":"post-133","1":"product","2":"type-product","3":"status-publish","4":"has-post-thumbnail","6":"product_cat-dibujos","7":"product_tag-dibujo","8":"product_shipping_class-envio-nacional-espana-peninsular","10":"first","11":"instock","12":"sold-individually","13":"taxable","14":"shipping-taxable","15":"purchasable","16":"product-type-simple"},"jetpack_sharing_enabled":true,"_links":{"self":[{"href":"https:\/\/zoozobra.com\/atobasart\/wp-json\/wp\/v2\/product\/133","targetHints":{"allow":["GET"]}}],"collection":[{"href":"https:\/\/zoozobra.com\/atobasart\/wp-json\/wp\/v2\/product"}],"about":[{"href":"https:\/\/zoozobra.com\/atobasart\/wp-json\/wp\/v2\/types\/product"}],"replies":[{"embeddable":true,"href":"https:\/\/zoozobra.com\/atobasart\/wp-json\/wp\/v2\/comments?post=133"}],"wp:featuredmedia":[{"embeddable":true,"href":"https:\/\/zoozobra.com\/atobasart\/wp-json\/wp\/v2\/media\/134"}],"wp:attachment":[{"href":"https:\/\/zoozobra.com\/atobasart\/wp-json\/wp\/v2\/media?parent=133"}],"wp:term":[{"taxonomy":"product_brand","embeddable":true,"href":"https:\/\/zoozobra.com\/atobasart\/wp-json\/wp\/v2\/product_brand?post=133"},{"taxonomy":"product_cat","embeddable":true,"href":"https:\/\/zoozobra.com\/atobasart\/wp-json\/wp\/v2\/product_cat?post=133"},{"taxonomy":"product_tag","embeddable":true,"href":"https:\/\/zoozobra.com\/atobasart\/wp-json\/wp\/v2\/product_tag?post=133"}],"curies":[{"name":"wp","href":"https:\/\/api.w.org\/{rel}","templated":true}]}}