{"id":144,"date":"2024-12-03T21:26:34","date_gmt":"2024-12-03T21:26:34","guid":{"rendered":"https:\/\/zoozobra.com\/atobasart\/?post_type=product&#038;p=144"},"modified":"2024-12-03T21:26:34","modified_gmt":"2024-12-03T21:26:34","slug":"un-rizo-de-insomnia","status":"publish","type":"product","link":"https:\/\/zoozobra.com\/atobasart\/producto\/un-rizo-de-insomnia\/","title":{"rendered":"Un rizo de insomnia"},"content":{"rendered":"<p><img loading=\"lazy\" decoding=\"async\" class=\"aligncenter size-large wp-image-145\" src=\"https:\/\/zoozobra.com\/atobasart\/wp-content\/uploads\/2024\/12\/Foto_Provisional_Coleccion10_Un-rizo-de-insomnia_por-Victor-Atobas-849x1024.png\" alt=\"\" width=\"849\" height=\"1024\" srcset=\"https:\/\/zoozobra.com\/atobasart\/wp-content\/uploads\/2024\/12\/Foto_Provisional_Coleccion10_Un-rizo-de-insomnia_por-Victor-Atobas-849x1024.png 849w, https:\/\/zoozobra.com\/atobasart\/wp-content\/uploads\/2024\/12\/Foto_Provisional_Coleccion10_Un-rizo-de-insomnia_por-Victor-Atobas-249x300.png 249w, https:\/\/zoozobra.com\/atobasart\/wp-content\/uploads\/2024\/12\/Foto_Provisional_Coleccion10_Un-rizo-de-insomnia_por-Victor-Atobas-768x927.png 768w, https:\/\/zoozobra.com\/atobasart\/wp-content\/uploads\/2024\/12\/Foto_Provisional_Coleccion10_Un-rizo-de-insomnia_por-Victor-Atobas-1273x1536.png 1273w, https:\/\/zoozobra.com\/atobasart\/wp-content\/uploads\/2024\/12\/Foto_Provisional_Coleccion10_Un-rizo-de-insomnia_por-Victor-Atobas-1698x2048.png 1698w, https:\/\/zoozobra.com\/atobasart\/wp-content\/uploads\/2024\/12\/Foto_Provisional_Coleccion10_Un-rizo-de-insomnia_por-Victor-Atobas-416x502.png 416w\" sizes=\"auto, (max-width: 849px) 100vw, 849px\" \/><\/p>\n<p style=\"text-align: right;\"><strong>NO DISPONIBLE PARA LA VENTA<\/strong><\/p>\n<p><em>Un rizo de insomnia<\/em>, V\u00edctor Atobas, 2024<br \/>\nT\u00e9cnica: pintura acr\u00edlica<br \/>\nSoporte: lienzo sobre bastidor (50x60cm)<br \/>\nEstado: no disponible para la venta<br \/>\n\u00a9 V\u00edctor Atobas, 2024<\/p>\n","protected":false},"excerpt":{"rendered":"<p>NO DISPONIBLE PARA LA VENTA Un rizo de insomnia, V\u00edctor Atobas, 2024 T\u00e9cnica: pintura acr\u00edlica Soporte: lienzo sobre bastidor (50x60cm) Estado: no disponible para la venta \u00a9 V\u00edctor Atobas, 2024<\/p>\n","protected":false},"featured_media":145,"comment_status":"open","ping_status":"closed","template":"","meta":[],"product_brand":[],"product_cat":[20],"product_tag":[37,38],"class_list":{"0":"post-144","1":"product","2":"type-product","3":"status-publish","4":"has-post-thumbnail","6":"product_cat-pintura-tradicional","7":"product_tag-pintura","8":"product_tag-pintura-tradicional","10":"first","11":"outofstock","12":"taxable","13":"shipping-taxable","14":"product-type-simple"},"jetpack_sharing_enabled":true,"_links":{"self":[{"href":"https:\/\/zoozobra.com\/atobasart\/wp-json\/wp\/v2\/product\/144","targetHints":{"allow":["GET"]}}],"collection":[{"href":"https:\/\/zoozobra.com\/atobasart\/wp-json\/wp\/v2\/product"}],"about":[{"href":"https:\/\/zoozobra.com\/atobasart\/wp-json\/wp\/v2\/types\/product"}],"replies":[{"embeddable":true,"href":"https:\/\/zoozobra.com\/atobasart\/wp-json\/wp\/v2\/comments?post=144"}],"wp:featuredmedia":[{"embeddable":true,"href":"https:\/\/zoozobra.com\/atobasart\/wp-json\/wp\/v2\/media\/145"}],"wp:attachment":[{"href":"https:\/\/zoozobra.com\/atobasart\/wp-json\/wp\/v2\/media?parent=144"}],"wp:term":[{"taxonomy":"product_brand","embeddable":true,"href":"https:\/\/zoozobra.com\/atobasart\/wp-json\/wp\/v2\/product_brand?post=144"},{"taxonomy":"product_cat","embeddable":true,"href":"https:\/\/zoozobra.com\/atobasart\/wp-json\/wp\/v2\/product_cat?post=144"},{"taxonomy":"product_tag","embeddable":true,"href":"https:\/\/zoozobra.com\/atobasart\/wp-json\/wp\/v2\/product_tag?post=144"}],"curies":[{"name":"wp","href":"https:\/\/api.w.org\/{rel}","templated":true}]}}