{"id":150,"date":"2025-01-16T17:40:14","date_gmt":"2025-01-16T17:40:14","guid":{"rendered":"https:\/\/zoozobra.com\/atobasart\/?post_type=product&#038;p=150"},"modified":"2025-01-16T17:40:14","modified_gmt":"2025-01-16T17:40:14","slug":"un-tucan-se-colorea-en-mayo-siemprevivo","status":"publish","type":"product","link":"https:\/\/zoozobra.com\/atobasart\/producto\/un-tucan-se-colorea-en-mayo-siemprevivo\/","title":{"rendered":"Un tuc\u00e1n se colorea en mayo siemprevivo"},"content":{"rendered":"<p><img loading=\"lazy\" decoding=\"async\" class=\"aligncenter wp-image-151 size-large\" src=\"https:\/\/zoozobra.com\/atobasart\/wp-content\/uploads\/2025\/01\/Foto_Provisional_Coleccion25_Un-tucan-se-colorea-en-mayo-siemprevivo-_por-Victor-Atobas-1024x851.png\" alt=\"\" width=\"980\" height=\"814\" srcset=\"https:\/\/zoozobra.com\/atobasart\/wp-content\/uploads\/2025\/01\/Foto_Provisional_Coleccion25_Un-tucan-se-colorea-en-mayo-siemprevivo-_por-Victor-Atobas-1024x851.png 1024w, https:\/\/zoozobra.com\/atobasart\/wp-content\/uploads\/2025\/01\/Foto_Provisional_Coleccion25_Un-tucan-se-colorea-en-mayo-siemprevivo-_por-Victor-Atobas-300x249.png 300w, https:\/\/zoozobra.com\/atobasart\/wp-content\/uploads\/2025\/01\/Foto_Provisional_Coleccion25_Un-tucan-se-colorea-en-mayo-siemprevivo-_por-Victor-Atobas-768x638.png 768w, https:\/\/zoozobra.com\/atobasart\/wp-content\/uploads\/2025\/01\/Foto_Provisional_Coleccion25_Un-tucan-se-colorea-en-mayo-siemprevivo-_por-Victor-Atobas-1536x1276.png 1536w, https:\/\/zoozobra.com\/atobasart\/wp-content\/uploads\/2025\/01\/Foto_Provisional_Coleccion25_Un-tucan-se-colorea-en-mayo-siemprevivo-_por-Victor-Atobas-2048x1702.png 2048w, https:\/\/zoozobra.com\/atobasart\/wp-content\/uploads\/2025\/01\/Foto_Provisional_Coleccion25_Un-tucan-se-colorea-en-mayo-siemprevivo-_por-Victor-Atobas-416x346.png 416w\" sizes=\"auto, (max-width: 980px) 100vw, 980px\" \/><\/p>\n<p style=\"text-align: right;\"><strong>NO DISPONIBLE PARA LA VENTA<\/strong><\/p>\n<p><em>Un tuc\u00e1n se colorea en mayo siemprevivo<\/em>, V\u00edctor Atobas, 2025<br \/>\nT\u00e9cnica: pintura acr\u00edlica<br \/>\nSoporte: lienzo sobre bastidor (50x60cm)<br \/>\nEstado: no disponible para la venta<br \/>\n\u00a9 V\u00edctor Atobas, 2025<\/p>\n","protected":false},"excerpt":{"rendered":"<p>NO DISPONIBLE PARA LA VENTA Un tuc\u00e1n se colorea en mayo siemprevivo, V\u00edctor Atobas, 2025 T\u00e9cnica: pintura acr\u00edlica Soporte: lienzo sobre bastidor (50x60cm) Estado: no disponible para la venta \u00a9 V\u00edctor Atobas, 2025<\/p>\n","protected":false},"featured_media":151,"comment_status":"open","ping_status":"closed","template":"","meta":[],"product_brand":[],"product_cat":[20],"product_tag":[37],"class_list":{"0":"post-150","1":"product","2":"type-product","3":"status-publish","4":"has-post-thumbnail","6":"product_cat-pintura-tradicional","7":"product_tag-pintura","9":"first","10":"outofstock","11":"taxable","12":"shipping-taxable","13":"product-type-simple"},"jetpack_sharing_enabled":true,"_links":{"self":[{"href":"https:\/\/zoozobra.com\/atobasart\/wp-json\/wp\/v2\/product\/150","targetHints":{"allow":["GET"]}}],"collection":[{"href":"https:\/\/zoozobra.com\/atobasart\/wp-json\/wp\/v2\/product"}],"about":[{"href":"https:\/\/zoozobra.com\/atobasart\/wp-json\/wp\/v2\/types\/product"}],"replies":[{"embeddable":true,"href":"https:\/\/zoozobra.com\/atobasart\/wp-json\/wp\/v2\/comments?post=150"}],"wp:featuredmedia":[{"embeddable":true,"href":"https:\/\/zoozobra.com\/atobasart\/wp-json\/wp\/v2\/media\/151"}],"wp:attachment":[{"href":"https:\/\/zoozobra.com\/atobasart\/wp-json\/wp\/v2\/media?parent=150"}],"wp:term":[{"taxonomy":"product_brand","embeddable":true,"href":"https:\/\/zoozobra.com\/atobasart\/wp-json\/wp\/v2\/product_brand?post=150"},{"taxonomy":"product_cat","embeddable":true,"href":"https:\/\/zoozobra.com\/atobasart\/wp-json\/wp\/v2\/product_cat?post=150"},{"taxonomy":"product_tag","embeddable":true,"href":"https:\/\/zoozobra.com\/atobasart\/wp-json\/wp\/v2\/product_tag?post=150"}],"curies":[{"name":"wp","href":"https:\/\/api.w.org\/{rel}","templated":true}]}}