{"id":160,"date":"2025-06-24T15:41:18","date_gmt":"2025-06-24T15:41:18","guid":{"rendered":"https:\/\/zoozobra.com\/atobasart\/?post_type=product&#038;p=160"},"modified":"2025-06-24T15:41:18","modified_gmt":"2025-06-24T15:41:18","slug":"el-amor-se-posa-en-el-amor","status":"publish","type":"product","link":"https:\/\/zoozobra.com\/atobasart\/producto\/el-amor-se-posa-en-el-amor\/","title":{"rendered":"El amor se posa en el amor"},"content":{"rendered":"<p><img loading=\"lazy\" decoding=\"async\" src=\"https:\/\/zoozobra.com\/atobasart\/wp-content\/uploads\/2025\/06\/Foto_Final_v2_Coleccion27_El-amor-se-posa-en-el-amor_por-Victor-Atobas-1024x819.png\" alt=\"\" width=\"980\" height=\"784\" class=\"aligncenter size-large wp-image-161\" srcset=\"https:\/\/zoozobra.com\/atobasart\/wp-content\/uploads\/2025\/06\/Foto_Final_v2_Coleccion27_El-amor-se-posa-en-el-amor_por-Victor-Atobas-1024x819.png 1024w, https:\/\/zoozobra.com\/atobasart\/wp-content\/uploads\/2025\/06\/Foto_Final_v2_Coleccion27_El-amor-se-posa-en-el-amor_por-Victor-Atobas-300x240.png 300w, https:\/\/zoozobra.com\/atobasart\/wp-content\/uploads\/2025\/06\/Foto_Final_v2_Coleccion27_El-amor-se-posa-en-el-amor_por-Victor-Atobas-768x614.png 768w, https:\/\/zoozobra.com\/atobasart\/wp-content\/uploads\/2025\/06\/Foto_Final_v2_Coleccion27_El-amor-se-posa-en-el-amor_por-Victor-Atobas-416x333.png 416w, https:\/\/zoozobra.com\/atobasart\/wp-content\/uploads\/2025\/06\/Foto_Final_v2_Coleccion27_El-amor-se-posa-en-el-amor_por-Victor-Atobas.png 1350w\" sizes=\"auto, (max-width: 980px) 100vw, 980px\" \/><\/p>\n<h3 style=\"text-align: right;\"><strong>NO DISPONIBLE<\/strong><\/h3>\n<p>\u201cEl amor se posa en el amor\u201d, V\u00edctor Atobas, 2025<br \/>\nT\u00e9cnica: pintura acr\u00edlica<br \/>\nSoporte: lienzo sobre bastidor (80x70cm)<br \/>\nEstado: no disponible<\/p>\n<p>Fotograf\u00eda por Andr\u00e9s Ortega<\/p>\n","protected":false},"excerpt":{"rendered":"<p>NO DISPONIBLE \u201cEl amor se posa en el amor\u201d, V\u00edctor Atobas, 2025 T\u00e9cnica: pintura acr\u00edlica Soporte: lienzo sobre bastidor (80x70cm) Estado: no disponible Fotograf\u00eda por Andr\u00e9s Ortega<\/p>\n","protected":false},"featured_media":161,"comment_status":"open","ping_status":"closed","template":"","meta":[],"product_brand":[],"product_cat":[20],"product_tag":[37,38],"class_list":{"0":"post-160","1":"product","2":"type-product","3":"status-publish","4":"has-post-thumbnail","6":"product_cat-pintura-tradicional","7":"product_tag-pintura","8":"product_tag-pintura-tradicional","10":"first","11":"outofstock","12":"taxable","13":"shipping-taxable","14":"product-type-simple"},"jetpack_sharing_enabled":true,"_links":{"self":[{"href":"https:\/\/zoozobra.com\/atobasart\/wp-json\/wp\/v2\/product\/160","targetHints":{"allow":["GET"]}}],"collection":[{"href":"https:\/\/zoozobra.com\/atobasart\/wp-json\/wp\/v2\/product"}],"about":[{"href":"https:\/\/zoozobra.com\/atobasart\/wp-json\/wp\/v2\/types\/product"}],"replies":[{"embeddable":true,"href":"https:\/\/zoozobra.com\/atobasart\/wp-json\/wp\/v2\/comments?post=160"}],"wp:featuredmedia":[{"embeddable":true,"href":"https:\/\/zoozobra.com\/atobasart\/wp-json\/wp\/v2\/media\/161"}],"wp:attachment":[{"href":"https:\/\/zoozobra.com\/atobasart\/wp-json\/wp\/v2\/media?parent=160"}],"wp:term":[{"taxonomy":"product_brand","embeddable":true,"href":"https:\/\/zoozobra.com\/atobasart\/wp-json\/wp\/v2\/product_brand?post=160"},{"taxonomy":"product_cat","embeddable":true,"href":"https:\/\/zoozobra.com\/atobasart\/wp-json\/wp\/v2\/product_cat?post=160"},{"taxonomy":"product_tag","embeddable":true,"href":"https:\/\/zoozobra.com\/atobasart\/wp-json\/wp\/v2\/product_tag?post=160"}],"curies":[{"name":"wp","href":"https:\/\/api.w.org\/{rel}","templated":true}]}}