{"id":169,"date":"2025-08-17T21:23:31","date_gmt":"2025-08-17T21:23:31","guid":{"rendered":"https:\/\/zoozobra.com\/atobasart\/?post_type=product&#038;p=169"},"modified":"2025-08-17T21:23:31","modified_gmt":"2025-08-17T21:23:31","slug":"un-paisaje-cercano-al-arco-santa-maria","status":"publish","type":"product","link":"https:\/\/zoozobra.com\/atobasart\/producto\/un-paisaje-cercano-al-arco-santa-maria\/","title":{"rendered":"Un paisaje cercano al Arco Santa Mar\u00eda"},"content":{"rendered":"<p><img loading=\"lazy\" decoding=\"async\" src=\"https:\/\/zoozobra.com\/atobasart\/wp-content\/uploads\/2025\/08\/Un-paisaje-cercano-al-Arco-Santa-Maria_Coloreado_Version-Web_por-Victor-Atobas-1-1024x728.png\" alt=\"\" width=\"980\" height=\"697\" class=\"aligncenter size-large wp-image-170\" srcset=\"https:\/\/zoozobra.com\/atobasart\/wp-content\/uploads\/2025\/08\/Un-paisaje-cercano-al-Arco-Santa-Maria_Coloreado_Version-Web_por-Victor-Atobas-1-1024x728.png 1024w, https:\/\/zoozobra.com\/atobasart\/wp-content\/uploads\/2025\/08\/Un-paisaje-cercano-al-Arco-Santa-Maria_Coloreado_Version-Web_por-Victor-Atobas-1-300x213.png 300w, https:\/\/zoozobra.com\/atobasart\/wp-content\/uploads\/2025\/08\/Un-paisaje-cercano-al-Arco-Santa-Maria_Coloreado_Version-Web_por-Victor-Atobas-1-768x546.png 768w, https:\/\/zoozobra.com\/atobasart\/wp-content\/uploads\/2025\/08\/Un-paisaje-cercano-al-Arco-Santa-Maria_Coloreado_Version-Web_por-Victor-Atobas-1-1536x1091.png 1536w\" sizes=\"auto, (max-width: 980px) 100vw, 980px\" \/><\/p>\n<p>\u201cUn paisaje cercano al Arco Santa Mar\u00eda\u201d, V\u00edctor Atobas, 2025<br \/>\nT\u00e9cnica: dibujo con acuarela y tinta acr\u00edlica<br \/>\nSoporte: papel tama\u00f1o A4<br \/>\nEstado: no disponible<\/p>\n","protected":false},"excerpt":{"rendered":"<p>\u201cUn paisaje cercano al Arco Santa Mar\u00eda\u201d, V\u00edctor Atobas, 2025 T\u00e9cnica: dibujo con acuarela y tinta acr\u00edlica Soporte: papel tama\u00f1o A4 Estado: no disponible<\/p>\n","protected":false},"featured_media":170,"comment_status":"open","ping_status":"closed","template":"","meta":[],"product_brand":[],"product_cat":[25],"product_tag":[27],"class_list":{"0":"post-169","1":"product","2":"type-product","3":"status-publish","4":"has-post-thumbnail","6":"product_cat-dibujos","7":"product_tag-dibujo","9":"first","10":"outofstock","11":"taxable","12":"shipping-taxable","13":"product-type-simple"},"jetpack_sharing_enabled":true,"_links":{"self":[{"href":"https:\/\/zoozobra.com\/atobasart\/wp-json\/wp\/v2\/product\/169","targetHints":{"allow":["GET"]}}],"collection":[{"href":"https:\/\/zoozobra.com\/atobasart\/wp-json\/wp\/v2\/product"}],"about":[{"href":"https:\/\/zoozobra.com\/atobasart\/wp-json\/wp\/v2\/types\/product"}],"replies":[{"embeddable":true,"href":"https:\/\/zoozobra.com\/atobasart\/wp-json\/wp\/v2\/comments?post=169"}],"wp:featuredmedia":[{"embeddable":true,"href":"https:\/\/zoozobra.com\/atobasart\/wp-json\/wp\/v2\/media\/170"}],"wp:attachment":[{"href":"https:\/\/zoozobra.com\/atobasart\/wp-json\/wp\/v2\/media?parent=169"}],"wp:term":[{"taxonomy":"product_brand","embeddable":true,"href":"https:\/\/zoozobra.com\/atobasart\/wp-json\/wp\/v2\/product_brand?post=169"},{"taxonomy":"product_cat","embeddable":true,"href":"https:\/\/zoozobra.com\/atobasart\/wp-json\/wp\/v2\/product_cat?post=169"},{"taxonomy":"product_tag","embeddable":true,"href":"https:\/\/zoozobra.com\/atobasart\/wp-json\/wp\/v2\/product_tag?post=169"}],"curies":[{"name":"wp","href":"https:\/\/api.w.org\/{rel}","templated":true}]}}