{"id":172,"date":"2025-08-17T21:47:07","date_gmt":"2025-08-17T21:47:07","guid":{"rendered":"https:\/\/zoozobra.com\/atobasart\/?post_type=product&#038;p=172"},"modified":"2025-09-07T21:56:27","modified_gmt":"2025-09-07T21:56:27","slug":"un-autorretrato-vestido","status":"publish","type":"product","link":"https:\/\/zoozobra.com\/atobasart\/producto\/un-autorretrato-vestido\/","title":{"rendered":"Un autorretrato vestido"},"content":{"rendered":"<p><img loading=\"lazy\" decoding=\"async\" class=\"aligncenter size-large wp-image-173\" src=\"https:\/\/zoozobra.com\/atobasart\/wp-content\/uploads\/2025\/08\/Un-autorretrato-vestido_por-Victor-Atobas-1.png\" alt=\"\" width=\"3412\" height=\"2424\" \/><br \/>\n\u201cUn autorretrato vestido\u201d, V\u00edctor Atobas, 2025<br \/>\nT\u00e9cnica: dibujo con t\u00e9cnica mixta<br \/>\nSoporte: papel tama\u00f1o A4<br \/>\nEstado: no disponible (precio:150\u20ac, no incluye gastos de env\u00edo)<\/p>\n","protected":false},"excerpt":{"rendered":"<p>\u201cUn autorretrato vestido\u201d, V\u00edctor Atobas, 2025 T\u00e9cnica: dibujo con t\u00e9cnica mixta Soporte: papel tama\u00f1o A4 Estado: no disponible (precio:150\u20ac, no incluye gastos de env\u00edo)<\/p>\n","protected":false},"featured_media":187,"comment_status":"open","ping_status":"closed","template":"","meta":[],"product_brand":[],"product_cat":[25],"product_tag":[27],"class_list":{"0":"post-172","1":"product","2":"type-product","3":"status-publish","4":"has-post-thumbnail","6":"product_cat-dibujos","7":"product_tag-dibujo","8":"product_shipping_class-envio-nacional-espana-peninsular","10":"first","11":"outofstock","12":"sold-individually","13":"taxable","14":"shipping-taxable","15":"purchasable","16":"product-type-simple"},"jetpack_sharing_enabled":true,"_links":{"self":[{"href":"https:\/\/zoozobra.com\/atobasart\/wp-json\/wp\/v2\/product\/172","targetHints":{"allow":["GET"]}}],"collection":[{"href":"https:\/\/zoozobra.com\/atobasart\/wp-json\/wp\/v2\/product"}],"about":[{"href":"https:\/\/zoozobra.com\/atobasart\/wp-json\/wp\/v2\/types\/product"}],"replies":[{"embeddable":true,"href":"https:\/\/zoozobra.com\/atobasart\/wp-json\/wp\/v2\/comments?post=172"}],"wp:featuredmedia":[{"embeddable":true,"href":"https:\/\/zoozobra.com\/atobasart\/wp-json\/wp\/v2\/media\/187"}],"wp:attachment":[{"href":"https:\/\/zoozobra.com\/atobasart\/wp-json\/wp\/v2\/media?parent=172"}],"wp:term":[{"taxonomy":"product_brand","embeddable":true,"href":"https:\/\/zoozobra.com\/atobasart\/wp-json\/wp\/v2\/product_brand?post=172"},{"taxonomy":"product_cat","embeddable":true,"href":"https:\/\/zoozobra.com\/atobasart\/wp-json\/wp\/v2\/product_cat?post=172"},{"taxonomy":"product_tag","embeddable":true,"href":"https:\/\/zoozobra.com\/atobasart\/wp-json\/wp\/v2\/product_tag?post=172"}],"curies":[{"name":"wp","href":"https:\/\/api.w.org\/{rel}","templated":true}]}}