{"id":176,"date":"2025-08-19T16:25:43","date_gmt":"2025-08-19T16:25:43","guid":{"rendered":"https:\/\/zoozobra.com\/atobasart\/?post_type=product&#038;p=176"},"modified":"2025-08-19T16:25:43","modified_gmt":"2025-08-19T16:25:43","slug":"un-pajaro-se-prepara-para-volar","status":"publish","type":"product","link":"https:\/\/zoozobra.com\/atobasart\/producto\/un-pajaro-se-prepara-para-volar\/","title":{"rendered":"Un p\u00e1jaro se prepara para volar"},"content":{"rendered":"<p><img loading=\"lazy\" decoding=\"async\" src=\"https:\/\/zoozobra.com\/atobasart\/wp-content\/uploads\/2025\/08\/Foto_Provisional_v2_Coleccion28_Un-tucan-se-prepara-para-volar_por-Victor-Atobas-scaled.png\" alt=\"\" width=\"1831\" height=\"2560\" class=\"aligncenter size-full wp-image-175\" srcset=\"https:\/\/zoozobra.com\/atobasart\/wp-content\/uploads\/2025\/08\/Foto_Provisional_v2_Coleccion28_Un-tucan-se-prepara-para-volar_por-Victor-Atobas-scaled.png 1831w, https:\/\/zoozobra.com\/atobasart\/wp-content\/uploads\/2025\/08\/Foto_Provisional_v2_Coleccion28_Un-tucan-se-prepara-para-volar_por-Victor-Atobas-215x300.png 215w, https:\/\/zoozobra.com\/atobasart\/wp-content\/uploads\/2025\/08\/Foto_Provisional_v2_Coleccion28_Un-tucan-se-prepara-para-volar_por-Victor-Atobas-732x1024.png 732w, https:\/\/zoozobra.com\/atobasart\/wp-content\/uploads\/2025\/08\/Foto_Provisional_v2_Coleccion28_Un-tucan-se-prepara-para-volar_por-Victor-Atobas-768x1074.png 768w, https:\/\/zoozobra.com\/atobasart\/wp-content\/uploads\/2025\/08\/Foto_Provisional_v2_Coleccion28_Un-tucan-se-prepara-para-volar_por-Victor-Atobas-1098x1536.png 1098w, https:\/\/zoozobra.com\/atobasart\/wp-content\/uploads\/2025\/08\/Foto_Provisional_v2_Coleccion28_Un-tucan-se-prepara-para-volar_por-Victor-Atobas-1465x2048.png 1465w, https:\/\/zoozobra.com\/atobasart\/wp-content\/uploads\/2025\/08\/Foto_Provisional_v2_Coleccion28_Un-tucan-se-prepara-para-volar_por-Victor-Atobas-416x582.png 416w\" sizes=\"auto, (max-width: 1831px) 100vw, 1831px\" \/><\/p>\n<p>\u201cUn p\u00e1jaro se prepara para volar\u201d, V\u00edctor Atobas, 2025<br \/>\nT\u00e9cnica: pintura acr\u00edlica<br \/>\nSoporte: lienzo sobre bastidor (50x70cm)<br \/>\nEstado: a la venta (precio: 750\u20ac, gastos de env\u00edo no incluidos)  <\/p>\n","protected":false},"excerpt":{"rendered":"<p>\u201cUn p\u00e1jaro se prepara para volar\u201d, V\u00edctor Atobas, 2025 T\u00e9cnica: pintura acr\u00edlica Soporte: lienzo sobre bastidor (50x70cm) Estado: a la venta (precio: 750\u20ac, gastos de env\u00edo no incluidos)<\/p>\n","protected":false},"featured_media":175,"comment_status":"open","ping_status":"closed","template":"","meta":[],"product_brand":[],"product_cat":[20],"product_tag":[37,38],"class_list":{"0":"post-176","1":"product","2":"type-product","3":"status-publish","4":"has-post-thumbnail","6":"product_cat-pintura-tradicional","7":"product_tag-pintura","8":"product_tag-pintura-tradicional","9":"product_shipping_class-envio-nacional-espana-peninsular","11":"first","12":"instock","13":"sold-individually","14":"taxable","15":"shipping-taxable","16":"purchasable","17":"product-type-simple"},"jetpack_sharing_enabled":true,"_links":{"self":[{"href":"https:\/\/zoozobra.com\/atobasart\/wp-json\/wp\/v2\/product\/176","targetHints":{"allow":["GET"]}}],"collection":[{"href":"https:\/\/zoozobra.com\/atobasart\/wp-json\/wp\/v2\/product"}],"about":[{"href":"https:\/\/zoozobra.com\/atobasart\/wp-json\/wp\/v2\/types\/product"}],"replies":[{"embeddable":true,"href":"https:\/\/zoozobra.com\/atobasart\/wp-json\/wp\/v2\/comments?post=176"}],"wp:featuredmedia":[{"embeddable":true,"href":"https:\/\/zoozobra.com\/atobasart\/wp-json\/wp\/v2\/media\/175"}],"wp:attachment":[{"href":"https:\/\/zoozobra.com\/atobasart\/wp-json\/wp\/v2\/media?parent=176"}],"wp:term":[{"taxonomy":"product_brand","embeddable":true,"href":"https:\/\/zoozobra.com\/atobasart\/wp-json\/wp\/v2\/product_brand?post=176"},{"taxonomy":"product_cat","embeddable":true,"href":"https:\/\/zoozobra.com\/atobasart\/wp-json\/wp\/v2\/product_cat?post=176"},{"taxonomy":"product_tag","embeddable":true,"href":"https:\/\/zoozobra.com\/atobasart\/wp-json\/wp\/v2\/product_tag?post=176"}],"curies":[{"name":"wp","href":"https:\/\/api.w.org\/{rel}","templated":true}]}}