{"id":178,"date":"2025-08-19T16:32:22","date_gmt":"2025-08-19T16:32:22","guid":{"rendered":"https:\/\/zoozobra.com\/atobasart\/?post_type=product&#038;p=178"},"modified":"2025-08-19T16:32:23","modified_gmt":"2025-08-19T16:32:23","slug":"octopus","status":"publish","type":"product","link":"https:\/\/zoozobra.com\/atobasart\/producto\/octopus\/","title":{"rendered":"Octopus"},"content":{"rendered":"<p><img loading=\"lazy\" decoding=\"async\" src=\"https:\/\/zoozobra.com\/atobasart\/wp-content\/uploads\/2025\/08\/Foto_Final_Coleccion20_Octopus_por-Victor-Atobas.png\" alt=\"\" width=\"928\" height=\"768\" class=\"aligncenter size-full wp-image-177\" srcset=\"https:\/\/zoozobra.com\/atobasart\/wp-content\/uploads\/2025\/08\/Foto_Final_Coleccion20_Octopus_por-Victor-Atobas.png 928w, https:\/\/zoozobra.com\/atobasart\/wp-content\/uploads\/2025\/08\/Foto_Final_Coleccion20_Octopus_por-Victor-Atobas-300x248.png 300w, https:\/\/zoozobra.com\/atobasart\/wp-content\/uploads\/2025\/08\/Foto_Final_Coleccion20_Octopus_por-Victor-Atobas-768x636.png 768w, https:\/\/zoozobra.com\/atobasart\/wp-content\/uploads\/2025\/08\/Foto_Final_Coleccion20_Octopus_por-Victor-Atobas-416x344.png 416w\" sizes=\"auto, (max-width: 928px) 100vw, 928px\" \/><\/p>\n<p>\u201cOctopus\u201d, V\u00edctor Atobas, 2024<br \/>\nT\u00e9cnica: pintura acr\u00edlica<br \/>\nSoporte: lienzo sobre bastidor (50x60cm)<br \/>\nEstado: a la venta (precio: 700\u20ac, gastos de env\u00edo no incluidos)  <\/p>\n<p>Fotograf\u00eda por Andr\u00e9s Ortega <\/p>\n","protected":false},"excerpt":{"rendered":"<p>\u201cOctopus\u201d, V\u00edctor Atobas, 2024 T\u00e9cnica: pintura acr\u00edlica Soporte: lienzo sobre bastidor (50x60cm) Estado: a la venta (precio: 700\u20ac, gastos de env\u00edo no incluidos) Fotograf\u00eda por Andr\u00e9s Ortega<\/p>\n","protected":false},"featured_media":177,"comment_status":"open","ping_status":"closed","template":"","meta":[],"product_brand":[],"product_cat":[20],"product_tag":[37,38],"class_list":{"0":"post-178","1":"product","2":"type-product","3":"status-publish","4":"has-post-thumbnail","6":"product_cat-pintura-tradicional","7":"product_tag-pintura","8":"product_tag-pintura-tradicional","9":"product_shipping_class-envio-nacional-espana-peninsular","11":"first","12":"instock","13":"sold-individually","14":"taxable","15":"shipping-taxable","16":"purchasable","17":"product-type-simple"},"jetpack_sharing_enabled":true,"_links":{"self":[{"href":"https:\/\/zoozobra.com\/atobasart\/wp-json\/wp\/v2\/product\/178","targetHints":{"allow":["GET"]}}],"collection":[{"href":"https:\/\/zoozobra.com\/atobasart\/wp-json\/wp\/v2\/product"}],"about":[{"href":"https:\/\/zoozobra.com\/atobasart\/wp-json\/wp\/v2\/types\/product"}],"replies":[{"embeddable":true,"href":"https:\/\/zoozobra.com\/atobasart\/wp-json\/wp\/v2\/comments?post=178"}],"wp:featuredmedia":[{"embeddable":true,"href":"https:\/\/zoozobra.com\/atobasart\/wp-json\/wp\/v2\/media\/177"}],"wp:attachment":[{"href":"https:\/\/zoozobra.com\/atobasart\/wp-json\/wp\/v2\/media?parent=178"}],"wp:term":[{"taxonomy":"product_brand","embeddable":true,"href":"https:\/\/zoozobra.com\/atobasart\/wp-json\/wp\/v2\/product_brand?post=178"},{"taxonomy":"product_cat","embeddable":true,"href":"https:\/\/zoozobra.com\/atobasart\/wp-json\/wp\/v2\/product_cat?post=178"},{"taxonomy":"product_tag","embeddable":true,"href":"https:\/\/zoozobra.com\/atobasart\/wp-json\/wp\/v2\/product_tag?post=178"}],"curies":[{"name":"wp","href":"https:\/\/api.w.org\/{rel}","templated":true}]}}