{"id":179,"date":"2025-08-24T21:44:01","date_gmt":"2025-08-24T21:44:01","guid":{"rendered":"https:\/\/zoozobra.com\/atobasart\/?post_type=product&#038;p=179"},"modified":"2025-08-31T21:09:35","modified_gmt":"2025-08-31T21:09:35","slug":"la-llana-de-adentro","status":"publish","type":"product","link":"https:\/\/zoozobra.com\/atobasart\/producto\/la-llana-de-adentro\/","title":{"rendered":"La Llana de Adentro"},"content":{"rendered":"<p><img decoding=\"async\" class=\"aligncenter size-full wp-image-180\" src=\"https:\/\/zoozobra.com\/atobasart\/wp-content\/uploads\/2025\/08\/La-Llana-de-Adentro_por-Victor-Atobas.png\" alt=\"\" \/><\/p>\n<p>\u201cLa Llana de Adentro\u201d, V\u00edctor Atobas, 2025<br \/>\nT\u00e9cnica: dibujo con t\u00e9cnica mixta<br \/>\nSoporte: papel tama\u00f1o A4<br \/>\nEstado: a la venta (precio:150\u20ac, no incluye gastos de env\u00edo)<\/p>\n","protected":false},"excerpt":{"rendered":"<p>\u201cLa Llana de Adentro\u201d, V\u00edctor Atobas, 2025 T\u00e9cnica: dibujo con t\u00e9cnica mixta Soporte: papel tama\u00f1o A4 Estado: a la venta (precio:150\u20ac, no incluye gastos de env\u00edo)<\/p>\n","protected":false},"featured_media":188,"comment_status":"open","ping_status":"closed","template":"","meta":[],"product_brand":[],"product_cat":[25],"product_tag":[],"class_list":{"0":"post-179","1":"product","2":"type-product","3":"status-publish","4":"has-post-thumbnail","6":"product_cat-dibujos","7":"product_shipping_class-envio-nacional-espana-peninsular","9":"first","10":"instock","11":"sold-individually","12":"taxable","13":"shipping-taxable","14":"purchasable","15":"product-type-simple"},"jetpack_sharing_enabled":true,"_links":{"self":[{"href":"https:\/\/zoozobra.com\/atobasart\/wp-json\/wp\/v2\/product\/179","targetHints":{"allow":["GET"]}}],"collection":[{"href":"https:\/\/zoozobra.com\/atobasart\/wp-json\/wp\/v2\/product"}],"about":[{"href":"https:\/\/zoozobra.com\/atobasart\/wp-json\/wp\/v2\/types\/product"}],"replies":[{"embeddable":true,"href":"https:\/\/zoozobra.com\/atobasart\/wp-json\/wp\/v2\/comments?post=179"}],"wp:featuredmedia":[{"embeddable":true,"href":"https:\/\/zoozobra.com\/atobasart\/wp-json\/wp\/v2\/media\/188"}],"wp:attachment":[{"href":"https:\/\/zoozobra.com\/atobasart\/wp-json\/wp\/v2\/media?parent=179"}],"wp:term":[{"taxonomy":"product_brand","embeddable":true,"href":"https:\/\/zoozobra.com\/atobasart\/wp-json\/wp\/v2\/product_brand?post=179"},{"taxonomy":"product_cat","embeddable":true,"href":"https:\/\/zoozobra.com\/atobasart\/wp-json\/wp\/v2\/product_cat?post=179"},{"taxonomy":"product_tag","embeddable":true,"href":"https:\/\/zoozobra.com\/atobasart\/wp-json\/wp\/v2\/product_tag?post=179"}],"curies":[{"name":"wp","href":"https:\/\/api.w.org\/{rel}","templated":true}]}}