{"id":184,"date":"2025-08-31T21:15:59","date_gmt":"2025-08-31T21:15:59","guid":{"rendered":"https:\/\/zoozobra.com\/atobasart\/?post_type=product&#038;p=184"},"modified":"2025-09-07T21:58:01","modified_gmt":"2025-09-07T21:58:01","slug":"trasera-del-teatro-principal","status":"publish","type":"product","link":"https:\/\/zoozobra.com\/atobasart\/producto\/trasera-del-teatro-principal\/","title":{"rendered":"Trasera del Teatro Principal"},"content":{"rendered":"<p><img loading=\"lazy\" decoding=\"async\" class=\"aligncenter wp-image-186 size-full\" src=\"https:\/\/zoozobra.com\/atobasart\/wp-content\/uploads\/2025\/08\/Trasera-del-Teatro-Principal_Miniatura_por-Victor-Atobas.png\" alt=\"\" width=\"1151\" height=\"814\" srcset=\"https:\/\/zoozobra.com\/atobasart\/wp-content\/uploads\/2025\/08\/Trasera-del-Teatro-Principal_Miniatura_por-Victor-Atobas.png 1151w, https:\/\/zoozobra.com\/atobasart\/wp-content\/uploads\/2025\/08\/Trasera-del-Teatro-Principal_Miniatura_por-Victor-Atobas-300x212.png 300w, https:\/\/zoozobra.com\/atobasart\/wp-content\/uploads\/2025\/08\/Trasera-del-Teatro-Principal_Miniatura_por-Victor-Atobas-1024x724.png 1024w, https:\/\/zoozobra.com\/atobasart\/wp-content\/uploads\/2025\/08\/Trasera-del-Teatro-Principal_Miniatura_por-Victor-Atobas-768x543.png 768w, https:\/\/zoozobra.com\/atobasart\/wp-content\/uploads\/2025\/08\/Trasera-del-Teatro-Principal_Miniatura_por-Victor-Atobas-416x294.png 416w\" sizes=\"auto, (max-width: 1151px) 100vw, 1151px\" \/><\/p>\n<p>\u201cTrasera del Teatro Principal\u201d, V\u00edctor Atobas, 2025<br \/>\nT\u00e9cnica: dibujo con t\u00e9cnica mixta<br \/>\nSoporte: papel tama\u00f1o A4<br \/>\nEstado: <strong>a la venta<\/strong> (precio:150\u20ac, no incluye gastos de env\u00edo)<\/p>\n<p>&nbsp;<\/p>\n","protected":false},"excerpt":{"rendered":"<p>\u201cTrasera del Teatro Principal\u201d, V\u00edctor Atobas, 2025 T\u00e9cnica: dibujo con t\u00e9cnica mixta Soporte: papel tama\u00f1o A4 Estado: a la venta (precio:150\u20ac, no incluye gastos de env\u00edo) &nbsp;<\/p>\n","protected":false},"featured_media":186,"comment_status":"open","ping_status":"closed","template":"","meta":[],"product_brand":[],"product_cat":[25],"product_tag":[27],"class_list":{"0":"post-184","1":"product","2":"type-product","3":"status-publish","4":"has-post-thumbnail","6":"product_cat-dibujos","7":"product_tag-dibujo","8":"product_shipping_class-envio-nacional-espana-peninsular","10":"first","11":"instock","12":"sold-individually","13":"taxable","14":"shipping-taxable","15":"purchasable","16":"product-type-simple"},"jetpack_sharing_enabled":true,"_links":{"self":[{"href":"https:\/\/zoozobra.com\/atobasart\/wp-json\/wp\/v2\/product\/184","targetHints":{"allow":["GET"]}}],"collection":[{"href":"https:\/\/zoozobra.com\/atobasart\/wp-json\/wp\/v2\/product"}],"about":[{"href":"https:\/\/zoozobra.com\/atobasart\/wp-json\/wp\/v2\/types\/product"}],"replies":[{"embeddable":true,"href":"https:\/\/zoozobra.com\/atobasart\/wp-json\/wp\/v2\/comments?post=184"}],"wp:featuredmedia":[{"embeddable":true,"href":"https:\/\/zoozobra.com\/atobasart\/wp-json\/wp\/v2\/media\/186"}],"wp:attachment":[{"href":"https:\/\/zoozobra.com\/atobasart\/wp-json\/wp\/v2\/media?parent=184"}],"wp:term":[{"taxonomy":"product_brand","embeddable":true,"href":"https:\/\/zoozobra.com\/atobasart\/wp-json\/wp\/v2\/product_brand?post=184"},{"taxonomy":"product_cat","embeddable":true,"href":"https:\/\/zoozobra.com\/atobasart\/wp-json\/wp\/v2\/product_cat?post=184"},{"taxonomy":"product_tag","embeddable":true,"href":"https:\/\/zoozobra.com\/atobasart\/wp-json\/wp\/v2\/product_tag?post=184"}],"curies":[{"name":"wp","href":"https:\/\/api.w.org\/{rel}","templated":true}]}}