{"id":192,"date":"2025-09-07T22:07:46","date_gmt":"2025-09-07T22:07:46","guid":{"rendered":"https:\/\/zoozobra.com\/atobasart\/?post_type=product&#038;p=192"},"modified":"2025-09-07T22:07:46","modified_gmt":"2025-09-07T22:07:46","slug":"puerta-del-sarmental-de-la-catedral-de-burgos","status":"publish","type":"product","link":"https:\/\/zoozobra.com\/atobasart\/producto\/puerta-del-sarmental-de-la-catedral-de-burgos\/","title":{"rendered":"Puerta del Sarmental de la Catedral de Burgos"},"content":{"rendered":"<p><img loading=\"lazy\" decoding=\"async\" class=\"aligncenter wp-image-191 size-full\" src=\"https:\/\/zoozobra.com\/atobasart\/wp-content\/uploads\/2025\/09\/Puerta-del-Sarmental-de-la-Catedral-de-Burgos_Miniatura_-por-Victor-Atobas.png\" alt=\"\" width=\"1236\" height=\"1749\" srcset=\"https:\/\/zoozobra.com\/atobasart\/wp-content\/uploads\/2025\/09\/Puerta-del-Sarmental-de-la-Catedral-de-Burgos_Miniatura_-por-Victor-Atobas.png 1236w, https:\/\/zoozobra.com\/atobasart\/wp-content\/uploads\/2025\/09\/Puerta-del-Sarmental-de-la-Catedral-de-Burgos_Miniatura_-por-Victor-Atobas-212x300.png 212w, https:\/\/zoozobra.com\/atobasart\/wp-content\/uploads\/2025\/09\/Puerta-del-Sarmental-de-la-Catedral-de-Burgos_Miniatura_-por-Victor-Atobas-724x1024.png 724w, https:\/\/zoozobra.com\/atobasart\/wp-content\/uploads\/2025\/09\/Puerta-del-Sarmental-de-la-Catedral-de-Burgos_Miniatura_-por-Victor-Atobas-768x1087.png 768w\" sizes=\"auto, (max-width: 1236px) 100vw, 1236px\" \/><\/p>\n<p>\u201cPuerta del Sarmental de la Catedral de Burgos\u201d, V\u00edctor Atobas, 2025<br \/>\nT\u00e9cnica: dibujo con t\u00e9cnica mixta<br \/>\nSoporte: papel tama\u00f1o A4<br \/>\nEstado: a la venta (precio:150\u20ac, no incluye gastos de env\u00edo)<\/p>\n<p>&nbsp;<\/p>\n","protected":false},"excerpt":{"rendered":"<p>\u201cPuerta del Sarmental de la Catedral de Burgos\u201d, V\u00edctor Atobas, 2025 T\u00e9cnica: dibujo con t\u00e9cnica mixta Soporte: papel tama\u00f1o A4 Estado: a la venta (precio:150\u20ac, no incluye gastos de env\u00edo) &nbsp;<\/p>\n","protected":false},"featured_media":191,"comment_status":"open","ping_status":"closed","template":"","meta":[],"product_brand":[],"product_cat":[25],"product_tag":[27],"class_list":{"0":"post-192","1":"product","2":"type-product","3":"status-publish","4":"has-post-thumbnail","6":"product_cat-dibujos","7":"product_tag-dibujo","8":"product_shipping_class-envio-nacional-espana-peninsular","10":"first","11":"instock","12":"sold-individually","13":"taxable","14":"shipping-taxable","15":"purchasable","16":"product-type-simple"},"jetpack_sharing_enabled":true,"_links":{"self":[{"href":"https:\/\/zoozobra.com\/atobasart\/wp-json\/wp\/v2\/product\/192","targetHints":{"allow":["GET"]}}],"collection":[{"href":"https:\/\/zoozobra.com\/atobasart\/wp-json\/wp\/v2\/product"}],"about":[{"href":"https:\/\/zoozobra.com\/atobasart\/wp-json\/wp\/v2\/types\/product"}],"replies":[{"embeddable":true,"href":"https:\/\/zoozobra.com\/atobasart\/wp-json\/wp\/v2\/comments?post=192"}],"wp:featuredmedia":[{"embeddable":true,"href":"https:\/\/zoozobra.com\/atobasart\/wp-json\/wp\/v2\/media\/191"}],"wp:attachment":[{"href":"https:\/\/zoozobra.com\/atobasart\/wp-json\/wp\/v2\/media?parent=192"}],"wp:term":[{"taxonomy":"product_brand","embeddable":true,"href":"https:\/\/zoozobra.com\/atobasart\/wp-json\/wp\/v2\/product_brand?post=192"},{"taxonomy":"product_cat","embeddable":true,"href":"https:\/\/zoozobra.com\/atobasart\/wp-json\/wp\/v2\/product_cat?post=192"},{"taxonomy":"product_tag","embeddable":true,"href":"https:\/\/zoozobra.com\/atobasart\/wp-json\/wp\/v2\/product_tag?post=192"}],"curies":[{"name":"wp","href":"https:\/\/api.w.org\/{rel}","templated":true}]}}