{"id":197,"date":"2025-09-11T17:22:47","date_gmt":"2025-09-11T17:22:47","guid":{"rendered":"https:\/\/zoozobra.com\/atobasart\/?post_type=product&#038;p=197"},"modified":"2025-09-11T17:22:47","modified_gmt":"2025-09-11T17:22:47","slug":"retrato-doble-de-paola","status":"publish","type":"product","link":"https:\/\/zoozobra.com\/atobasart\/producto\/retrato-doble-de-paola\/","title":{"rendered":"Retrato doble de Paola"},"content":{"rendered":"<p>&nbsp;<br \/>\n<img loading=\"lazy\" decoding=\"async\" src=\"https:\/\/zoozobra.com\/atobasart\/wp-content\/uploads\/2025\/09\/Retrato-doble-de-Paola_Miniatura_por-Victor-Atobas.png\" alt=\"\" width=\"1152\" height=\"814\" class=\"alignright size-full wp-image-198\" srcset=\"https:\/\/zoozobra.com\/atobasart\/wp-content\/uploads\/2025\/09\/Retrato-doble-de-Paola_Miniatura_por-Victor-Atobas.png 1152w, https:\/\/zoozobra.com\/atobasart\/wp-content\/uploads\/2025\/09\/Retrato-doble-de-Paola_Miniatura_por-Victor-Atobas-300x212.png 300w, https:\/\/zoozobra.com\/atobasart\/wp-content\/uploads\/2025\/09\/Retrato-doble-de-Paola_Miniatura_por-Victor-Atobas-1024x724.png 1024w, https:\/\/zoozobra.com\/atobasart\/wp-content\/uploads\/2025\/09\/Retrato-doble-de-Paola_Miniatura_por-Victor-Atobas-768x543.png 768w, https:\/\/zoozobra.com\/atobasart\/wp-content\/uploads\/2025\/09\/Retrato-doble-de-Paola_Miniatura_por-Victor-Atobas-416x294.png 416w\" sizes=\"auto, (max-width: 1152px) 100vw, 1152px\" \/><br \/>\n&nbsp;<br \/>\n\u201cRetrato doble de Paola\u201d, V\u00edctor Atobas, 2025<br \/>\nT\u00e9cnica: dibujo de t\u00e9cnica mixta<br \/>\nSoporte: papel tama\u00f1o A4 (21&#215;29,7cm)<br \/>\nEstado: a la venta (precio: 150\u20ac, gastos de env\u00edo no incluidos)<br \/>\n&nbsp;<\/p>\n<p>&nbsp;<\/p>\n","protected":false},"excerpt":{"rendered":"<p>&nbsp; &nbsp; \u201cRetrato doble de Paola\u201d, V\u00edctor Atobas, 2025 T\u00e9cnica: dibujo de t\u00e9cnica mixta Soporte: papel tama\u00f1o A4 (21&#215;29,7cm) Estado: a la venta (precio: 150\u20ac, gastos de env\u00edo no incluidos) &nbsp; &nbsp;<\/p>\n","protected":false},"featured_media":198,"comment_status":"open","ping_status":"closed","template":"","meta":[],"product_brand":[],"product_cat":[25],"product_tag":[27],"class_list":{"0":"post-197","1":"product","2":"type-product","3":"status-publish","4":"has-post-thumbnail","6":"product_cat-dibujos","7":"product_tag-dibujo","9":"first","10":"instock","11":"sold-individually","12":"taxable","13":"shipping-taxable","14":"purchasable","15":"product-type-simple"},"jetpack_sharing_enabled":true,"_links":{"self":[{"href":"https:\/\/zoozobra.com\/atobasart\/wp-json\/wp\/v2\/product\/197","targetHints":{"allow":["GET"]}}],"collection":[{"href":"https:\/\/zoozobra.com\/atobasart\/wp-json\/wp\/v2\/product"}],"about":[{"href":"https:\/\/zoozobra.com\/atobasart\/wp-json\/wp\/v2\/types\/product"}],"replies":[{"embeddable":true,"href":"https:\/\/zoozobra.com\/atobasart\/wp-json\/wp\/v2\/comments?post=197"}],"wp:featuredmedia":[{"embeddable":true,"href":"https:\/\/zoozobra.com\/atobasart\/wp-json\/wp\/v2\/media\/198"}],"wp:attachment":[{"href":"https:\/\/zoozobra.com\/atobasart\/wp-json\/wp\/v2\/media?parent=197"}],"wp:term":[{"taxonomy":"product_brand","embeddable":true,"href":"https:\/\/zoozobra.com\/atobasart\/wp-json\/wp\/v2\/product_brand?post=197"},{"taxonomy":"product_cat","embeddable":true,"href":"https:\/\/zoozobra.com\/atobasart\/wp-json\/wp\/v2\/product_cat?post=197"},{"taxonomy":"product_tag","embeddable":true,"href":"https:\/\/zoozobra.com\/atobasart\/wp-json\/wp\/v2\/product_tag?post=197"}],"curies":[{"name":"wp","href":"https:\/\/api.w.org\/{rel}","templated":true}]}}