{"id":202,"date":"2025-09-16T16:02:50","date_gmt":"2025-09-16T16:02:50","guid":{"rendered":"https:\/\/zoozobra.com\/atobasart\/?post_type=product&#038;p=202"},"modified":"2025-09-16T16:02:50","modified_gmt":"2025-09-16T16:02:50","slug":"retrato-de-miranda","status":"publish","type":"product","link":"https:\/\/zoozobra.com\/atobasart\/producto\/retrato-de-miranda\/","title":{"rendered":"Retrato de Miranda"},"content":{"rendered":"<p><img loading=\"lazy\" decoding=\"async\" class=\"size-full wp-image-203 aligncenter\" src=\"https:\/\/zoozobra.com\/atobasart\/wp-content\/uploads\/2025\/09\/Retrato-de-Miranda_Miniatura_por-Victor-Atobas.png\" alt=\"\" width=\"813\" height=\"1151\" srcset=\"https:\/\/zoozobra.com\/atobasart\/wp-content\/uploads\/2025\/09\/Retrato-de-Miranda_Miniatura_por-Victor-Atobas.png 813w, https:\/\/zoozobra.com\/atobasart\/wp-content\/uploads\/2025\/09\/Retrato-de-Miranda_Miniatura_por-Victor-Atobas-212x300.png 212w, https:\/\/zoozobra.com\/atobasart\/wp-content\/uploads\/2025\/09\/Retrato-de-Miranda_Miniatura_por-Victor-Atobas-723x1024.png 723w, https:\/\/zoozobra.com\/atobasart\/wp-content\/uploads\/2025\/09\/Retrato-de-Miranda_Miniatura_por-Victor-Atobas-768x1087.png 768w, https:\/\/zoozobra.com\/atobasart\/wp-content\/uploads\/2025\/09\/Retrato-de-Miranda_Miniatura_por-Victor-Atobas-416x589.png 416w\" sizes=\"auto, (max-width: 813px) 100vw, 813px\" \/><\/p>\n<p>\u201cRetrato de Miranda\u201d, V\u00edctor Atobas, 2025<br \/>\nT\u00e9cnica: dibujo de t\u00e9cnica mixta<br \/>\nSoporte: papel tama\u00f1o A4 (21&#215;29,7cm)<br \/>\nEstado: a la venta (precio: 150\u20ac, gastos de env\u00edo no incluidos)<\/p>\n","protected":false},"excerpt":{"rendered":"<p>\u201cRetrato de Miranda\u201d, V\u00edctor Atobas, 2025 T\u00e9cnica: dibujo de t\u00e9cnica mixta Soporte: papel tama\u00f1o A4 (21&#215;29,7cm) Estado: a la venta (precio: 150\u20ac, gastos de env\u00edo no incluidos)<\/p>\n","protected":false},"featured_media":203,"comment_status":"open","ping_status":"closed","template":"","meta":[],"product_brand":[],"product_cat":[25],"product_tag":[27],"class_list":{"0":"post-202","1":"product","2":"type-product","3":"status-publish","4":"has-post-thumbnail","6":"product_cat-dibujos","7":"product_tag-dibujo","8":"product_shipping_class-envio-nacional-espana-peninsular","10":"first","11":"instock","12":"sold-individually","13":"taxable","14":"shipping-taxable","15":"purchasable","16":"product-type-simple"},"jetpack_sharing_enabled":true,"_links":{"self":[{"href":"https:\/\/zoozobra.com\/atobasart\/wp-json\/wp\/v2\/product\/202","targetHints":{"allow":["GET"]}}],"collection":[{"href":"https:\/\/zoozobra.com\/atobasart\/wp-json\/wp\/v2\/product"}],"about":[{"href":"https:\/\/zoozobra.com\/atobasart\/wp-json\/wp\/v2\/types\/product"}],"replies":[{"embeddable":true,"href":"https:\/\/zoozobra.com\/atobasart\/wp-json\/wp\/v2\/comments?post=202"}],"wp:featuredmedia":[{"embeddable":true,"href":"https:\/\/zoozobra.com\/atobasart\/wp-json\/wp\/v2\/media\/203"}],"wp:attachment":[{"href":"https:\/\/zoozobra.com\/atobasart\/wp-json\/wp\/v2\/media?parent=202"}],"wp:term":[{"taxonomy":"product_brand","embeddable":true,"href":"https:\/\/zoozobra.com\/atobasart\/wp-json\/wp\/v2\/product_brand?post=202"},{"taxonomy":"product_cat","embeddable":true,"href":"https:\/\/zoozobra.com\/atobasart\/wp-json\/wp\/v2\/product_cat?post=202"},{"taxonomy":"product_tag","embeddable":true,"href":"https:\/\/zoozobra.com\/atobasart\/wp-json\/wp\/v2\/product_tag?post=202"}],"curies":[{"name":"wp","href":"https:\/\/api.w.org\/{rel}","templated":true}]}}