{"id":208,"date":"2025-09-23T16:06:02","date_gmt":"2025-09-23T16:06:02","guid":{"rendered":"https:\/\/zoozobra.com\/atobasart\/?post_type=product&#038;p=208"},"modified":"2025-09-23T16:06:02","modified_gmt":"2025-09-23T16:06:02","slug":"retrato-de-laura-albo","status":"publish","type":"product","link":"https:\/\/zoozobra.com\/atobasart\/producto\/retrato-de-laura-albo\/","title":{"rendered":"Retrato de Laura Albo"},"content":{"rendered":"<p><img loading=\"lazy\" decoding=\"async\" class=\"aligncenter size-full wp-image-209\" src=\"https:\/\/zoozobra.com\/atobasart\/wp-content\/uploads\/2025\/09\/Retrato-de-Laura-Albo_Miniatura_por-Victor-Atobas.png\" alt=\"\" width=\"814\" height=\"1147\" srcset=\"https:\/\/zoozobra.com\/atobasart\/wp-content\/uploads\/2025\/09\/Retrato-de-Laura-Albo_Miniatura_por-Victor-Atobas.png 814w, https:\/\/zoozobra.com\/atobasart\/wp-content\/uploads\/2025\/09\/Retrato-de-Laura-Albo_Miniatura_por-Victor-Atobas-213x300.png 213w, https:\/\/zoozobra.com\/atobasart\/wp-content\/uploads\/2025\/09\/Retrato-de-Laura-Albo_Miniatura_por-Victor-Atobas-727x1024.png 727w, https:\/\/zoozobra.com\/atobasart\/wp-content\/uploads\/2025\/09\/Retrato-de-Laura-Albo_Miniatura_por-Victor-Atobas-768x1082.png 768w, https:\/\/zoozobra.com\/atobasart\/wp-content\/uploads\/2025\/09\/Retrato-de-Laura-Albo_Miniatura_por-Victor-Atobas-416x586.png 416w\" sizes=\"auto, (max-width: 814px) 100vw, 814px\" \/><\/p>\n<p style=\"text-align: center;\"><strong>NO DISPONIBLE PARA LA VENTA<\/strong><\/p>\n<p>\u201cRetrato de Laura Albo\u201d, V\u00edctor Atobas, 2025<br \/>\nT\u00e9cnica: dibujo de t\u00e9cnica mixta<br \/>\nSoporte: papel tama\u00f1o A4 (21&#215;29,7cm)<br \/>\nEstado: no disponible para la venta<\/p>\n<p>&nbsp;<\/p>\n","protected":false},"excerpt":{"rendered":"<p>NO DISPONIBLE PARA LA VENTA \u201cRetrato de Laura Albo\u201d, V\u00edctor Atobas, 2025 T\u00e9cnica: dibujo de t\u00e9cnica mixta Soporte: papel tama\u00f1o A4 (21&#215;29,7cm) Estado: no disponible para la venta &nbsp;<\/p>\n","protected":false},"featured_media":209,"comment_status":"open","ping_status":"closed","template":"","meta":[],"product_brand":[],"product_cat":[25],"product_tag":[27],"class_list":{"0":"post-208","1":"product","2":"type-product","3":"status-publish","4":"has-post-thumbnail","6":"product_cat-dibujos","7":"product_tag-dibujo","9":"first","10":"outofstock","11":"taxable","12":"shipping-taxable","13":"product-type-simple"},"jetpack_sharing_enabled":true,"_links":{"self":[{"href":"https:\/\/zoozobra.com\/atobasart\/wp-json\/wp\/v2\/product\/208","targetHints":{"allow":["GET"]}}],"collection":[{"href":"https:\/\/zoozobra.com\/atobasart\/wp-json\/wp\/v2\/product"}],"about":[{"href":"https:\/\/zoozobra.com\/atobasart\/wp-json\/wp\/v2\/types\/product"}],"replies":[{"embeddable":true,"href":"https:\/\/zoozobra.com\/atobasart\/wp-json\/wp\/v2\/comments?post=208"}],"wp:featuredmedia":[{"embeddable":true,"href":"https:\/\/zoozobra.com\/atobasart\/wp-json\/wp\/v2\/media\/209"}],"wp:attachment":[{"href":"https:\/\/zoozobra.com\/atobasart\/wp-json\/wp\/v2\/media?parent=208"}],"wp:term":[{"taxonomy":"product_brand","embeddable":true,"href":"https:\/\/zoozobra.com\/atobasart\/wp-json\/wp\/v2\/product_brand?post=208"},{"taxonomy":"product_cat","embeddable":true,"href":"https:\/\/zoozobra.com\/atobasart\/wp-json\/wp\/v2\/product_cat?post=208"},{"taxonomy":"product_tag","embeddable":true,"href":"https:\/\/zoozobra.com\/atobasart\/wp-json\/wp\/v2\/product_tag?post=208"}],"curies":[{"name":"wp","href":"https:\/\/api.w.org\/{rel}","templated":true}]}}