{"id":212,"date":"2025-09-28T22:11:40","date_gmt":"2025-09-28T22:11:40","guid":{"rendered":"https:\/\/zoozobra.com\/atobasart\/?post_type=product&#038;p=212"},"modified":"2025-09-28T22:11:40","modified_gmt":"2025-09-28T22:11:40","slug":"una-vista-de-la-iglesia-de-san-gil-abad","status":"publish","type":"product","link":"https:\/\/zoozobra.com\/atobasart\/producto\/una-vista-de-la-iglesia-de-san-gil-abad\/","title":{"rendered":"Una vista de la iglesia de San Gil Abad"},"content":{"rendered":"<p><img loading=\"lazy\" decoding=\"async\" src=\"https:\/\/zoozobra.com\/atobasart\/wp-content\/uploads\/2025\/09\/Una-vista-de-la-iglesia-de-San-Gil-Ab_Miniatura_por-Victor-Atobas.png\" alt=\"\" width=\"1145\" height=\"810\" class=\"aligncenter size-full wp-image-213\" srcset=\"https:\/\/zoozobra.com\/atobasart\/wp-content\/uploads\/2025\/09\/Una-vista-de-la-iglesia-de-San-Gil-Ab_Miniatura_por-Victor-Atobas.png 1145w, https:\/\/zoozobra.com\/atobasart\/wp-content\/uploads\/2025\/09\/Una-vista-de-la-iglesia-de-San-Gil-Ab_Miniatura_por-Victor-Atobas-300x212.png 300w, https:\/\/zoozobra.com\/atobasart\/wp-content\/uploads\/2025\/09\/Una-vista-de-la-iglesia-de-San-Gil-Ab_Miniatura_por-Victor-Atobas-1024x724.png 1024w, https:\/\/zoozobra.com\/atobasart\/wp-content\/uploads\/2025\/09\/Una-vista-de-la-iglesia-de-San-Gil-Ab_Miniatura_por-Victor-Atobas-768x543.png 768w, https:\/\/zoozobra.com\/atobasart\/wp-content\/uploads\/2025\/09\/Una-vista-de-la-iglesia-de-San-Gil-Ab_Miniatura_por-Victor-Atobas-416x294.png 416w\" sizes=\"auto, (max-width: 1145px) 100vw, 1145px\" \/><br \/>\n&nbsp;<\/p>\n<p>\u201cUna vista de la iglesia de San Gil Abad\u201d, V\u00edctor Atobas, 2025<br \/>\nT\u00e9cnica: dibujo de t\u00e9cnica mixta<br \/>\nSoporte: papel tama\u00f1o A4 (21&#215;29,7cm)<br \/>\nEstado: a la venta (precio: 150\u20ac, gastos de env\u00edo no incluidos)<\/p>\n","protected":false},"excerpt":{"rendered":"<p>&nbsp; \u201cUna vista de la iglesia de San Gil Abad\u201d, V\u00edctor Atobas, 2025 T\u00e9cnica: dibujo de t\u00e9cnica mixta Soporte: papel tama\u00f1o A4 (21&#215;29,7cm) Estado: a la venta (precio: 150\u20ac, gastos de env\u00edo no incluidos)<\/p>\n","protected":false},"featured_media":213,"comment_status":"open","ping_status":"closed","template":"","meta":[],"product_brand":[],"product_cat":[25],"product_tag":[27],"class_list":{"0":"post-212","1":"product","2":"type-product","3":"status-publish","4":"has-post-thumbnail","6":"product_cat-dibujos","7":"product_tag-dibujo","8":"product_shipping_class-envio-nacional-espana-peninsular","10":"first","11":"instock","12":"sold-individually","13":"taxable","14":"shipping-taxable","15":"purchasable","16":"product-type-simple"},"jetpack_sharing_enabled":true,"_links":{"self":[{"href":"https:\/\/zoozobra.com\/atobasart\/wp-json\/wp\/v2\/product\/212","targetHints":{"allow":["GET"]}}],"collection":[{"href":"https:\/\/zoozobra.com\/atobasart\/wp-json\/wp\/v2\/product"}],"about":[{"href":"https:\/\/zoozobra.com\/atobasart\/wp-json\/wp\/v2\/types\/product"}],"replies":[{"embeddable":true,"href":"https:\/\/zoozobra.com\/atobasart\/wp-json\/wp\/v2\/comments?post=212"}],"wp:featuredmedia":[{"embeddable":true,"href":"https:\/\/zoozobra.com\/atobasart\/wp-json\/wp\/v2\/media\/213"}],"wp:attachment":[{"href":"https:\/\/zoozobra.com\/atobasart\/wp-json\/wp\/v2\/media?parent=212"}],"wp:term":[{"taxonomy":"product_brand","embeddable":true,"href":"https:\/\/zoozobra.com\/atobasart\/wp-json\/wp\/v2\/product_brand?post=212"},{"taxonomy":"product_cat","embeddable":true,"href":"https:\/\/zoozobra.com\/atobasart\/wp-json\/wp\/v2\/product_cat?post=212"},{"taxonomy":"product_tag","embeddable":true,"href":"https:\/\/zoozobra.com\/atobasart\/wp-json\/wp\/v2\/product_tag?post=212"}],"curies":[{"name":"wp","href":"https:\/\/api.w.org\/{rel}","templated":true}]}}