{"id":219,"date":"2025-10-05T22:22:42","date_gmt":"2025-10-05T22:22:42","guid":{"rendered":"https:\/\/zoozobra.com\/atobasart\/?post_type=product&#038;p=219"},"modified":"2025-10-05T22:22:42","modified_gmt":"2025-10-05T22:22:42","slug":"una-vista-desde-el-mirador-del-castillo","status":"publish","type":"product","link":"https:\/\/zoozobra.com\/atobasart\/producto\/una-vista-desde-el-mirador-del-castillo\/","title":{"rendered":"Una vista desde el Mirador del Castillo"},"content":{"rendered":"<p><img loading=\"lazy\" decoding=\"async\" class=\"aligncenter wp-image-220 size-full\" src=\"https:\/\/zoozobra.com\/atobasart\/wp-content\/uploads\/2025\/10\/UNAVIS3.png\" alt=\"\" width=\"1147\" height=\"813\" srcset=\"https:\/\/zoozobra.com\/atobasart\/wp-content\/uploads\/2025\/10\/UNAVIS3.png 1147w, https:\/\/zoozobra.com\/atobasart\/wp-content\/uploads\/2025\/10\/UNAVIS3-300x213.png 300w, https:\/\/zoozobra.com\/atobasart\/wp-content\/uploads\/2025\/10\/UNAVIS3-1024x726.png 1024w, https:\/\/zoozobra.com\/atobasart\/wp-content\/uploads\/2025\/10\/UNAVIS3-768x544.png 768w, https:\/\/zoozobra.com\/atobasart\/wp-content\/uploads\/2025\/10\/UNAVIS3-416x295.png 416w\" sizes=\"auto, (max-width: 1147px) 100vw, 1147px\" \/><\/p>\n<p>\u201cUna vista desde el Mirador del Castillo\u201d, V\u00edctor Atobas, 2025<br \/>\nT\u00e9cnica: dibujo de t\u00e9cnica mixta<br \/>\nSoporte: papel tama\u00f1o A4 (21&#215;29,7cm)<br \/>\nEstado: a la venta (precio: 150\u20ac, gastos de env\u00edo no incluidos)<\/p>\n","protected":false},"excerpt":{"rendered":"<p>\u201cUna vista desde el Mirador del Castillo\u201d, V\u00edctor Atobas, 2025 T\u00e9cnica: dibujo de t\u00e9cnica mixta Soporte: papel tama\u00f1o A4 (21&#215;29,7cm) Estado: a la venta (precio: 150\u20ac, gastos de env\u00edo no incluidos)<\/p>\n","protected":false},"featured_media":220,"comment_status":"open","ping_status":"closed","template":"","meta":[],"product_brand":[],"product_cat":[25],"product_tag":[27],"class_list":{"0":"post-219","1":"product","2":"type-product","3":"status-publish","4":"has-post-thumbnail","6":"product_cat-dibujos","7":"product_tag-dibujo","8":"product_shipping_class-envio-nacional-espana-peninsular","10":"first","11":"instock","12":"sold-individually","13":"taxable","14":"shipping-taxable","15":"purchasable","16":"product-type-simple"},"jetpack_sharing_enabled":true,"_links":{"self":[{"href":"https:\/\/zoozobra.com\/atobasart\/wp-json\/wp\/v2\/product\/219","targetHints":{"allow":["GET"]}}],"collection":[{"href":"https:\/\/zoozobra.com\/atobasart\/wp-json\/wp\/v2\/product"}],"about":[{"href":"https:\/\/zoozobra.com\/atobasart\/wp-json\/wp\/v2\/types\/product"}],"replies":[{"embeddable":true,"href":"https:\/\/zoozobra.com\/atobasart\/wp-json\/wp\/v2\/comments?post=219"}],"wp:featuredmedia":[{"embeddable":true,"href":"https:\/\/zoozobra.com\/atobasart\/wp-json\/wp\/v2\/media\/220"}],"wp:attachment":[{"href":"https:\/\/zoozobra.com\/atobasart\/wp-json\/wp\/v2\/media?parent=219"}],"wp:term":[{"taxonomy":"product_brand","embeddable":true,"href":"https:\/\/zoozobra.com\/atobasart\/wp-json\/wp\/v2\/product_brand?post=219"},{"taxonomy":"product_cat","embeddable":true,"href":"https:\/\/zoozobra.com\/atobasart\/wp-json\/wp\/v2\/product_cat?post=219"},{"taxonomy":"product_tag","embeddable":true,"href":"https:\/\/zoozobra.com\/atobasart\/wp-json\/wp\/v2\/product_tag?post=219"}],"curies":[{"name":"wp","href":"https:\/\/api.w.org\/{rel}","templated":true}]}}