{"id":224,"date":"2025-10-12T21:40:52","date_gmt":"2025-10-12T21:40:52","guid":{"rendered":"https:\/\/zoozobra.com\/atobasart\/?post_type=product&#038;p=224"},"modified":"2025-10-12T21:40:52","modified_gmt":"2025-10-12T21:40:52","slug":"una-vista-del-puente-de-san-pablo","status":"publish","type":"product","link":"https:\/\/zoozobra.com\/atobasart\/producto\/una-vista-del-puente-de-san-pablo\/","title":{"rendered":"Una vista del Puente de San Pablo"},"content":{"rendered":"<p>&nbsp;<br \/>\n<img loading=\"lazy\" decoding=\"async\" src=\"https:\/\/zoozobra.com\/atobasart\/wp-content\/uploads\/2025\/10\/Una-vista-del-Puente-de-San-Pablo_Miniatura_por-Victor-Atobas.png\" alt=\"\" width=\"1146\" height=\"807\" class=\"aligncenter size-full wp-image-225\" srcset=\"https:\/\/zoozobra.com\/atobasart\/wp-content\/uploads\/2025\/10\/Una-vista-del-Puente-de-San-Pablo_Miniatura_por-Victor-Atobas.png 1146w, https:\/\/zoozobra.com\/atobasart\/wp-content\/uploads\/2025\/10\/Una-vista-del-Puente-de-San-Pablo_Miniatura_por-Victor-Atobas-300x211.png 300w, https:\/\/zoozobra.com\/atobasart\/wp-content\/uploads\/2025\/10\/Una-vista-del-Puente-de-San-Pablo_Miniatura_por-Victor-Atobas-1024x721.png 1024w, https:\/\/zoozobra.com\/atobasart\/wp-content\/uploads\/2025\/10\/Una-vista-del-Puente-de-San-Pablo_Miniatura_por-Victor-Atobas-768x541.png 768w, https:\/\/zoozobra.com\/atobasart\/wp-content\/uploads\/2025\/10\/Una-vista-del-Puente-de-San-Pablo_Miniatura_por-Victor-Atobas-416x293.png 416w\" sizes=\"auto, (max-width: 1146px) 100vw, 1146px\" \/><br \/>\n&nbsp;<br \/>\n\u201cUna vista del Puente de San Pablo\u201d, V\u00edctor Atobas, 2025<br \/>\nT\u00e9cnica: dibujo de t\u00e9cnica mixta<br \/>\nSoporte: papel tama\u00f1o A4 (21&#215;29,7cm)<br \/>\nEstado: a la venta (precio: 150\u20ac, gastos de env\u00edo no incluidos) <\/p>\n<p>&nbsp;<\/p>\n","protected":false},"excerpt":{"rendered":"<p>&nbsp; &nbsp; \u201cUna vista del Puente de San Pablo\u201d, V\u00edctor Atobas, 2025 T\u00e9cnica: dibujo de t\u00e9cnica mixta Soporte: papel tama\u00f1o A4 (21&#215;29,7cm) Estado: a la venta (precio: 150\u20ac, gastos de env\u00edo no incluidos) &nbsp;<\/p>\n","protected":false},"featured_media":225,"comment_status":"open","ping_status":"closed","template":"","meta":[],"product_brand":[],"product_cat":[25],"product_tag":[27],"class_list":{"0":"post-224","1":"product","2":"type-product","3":"status-publish","4":"has-post-thumbnail","6":"product_cat-dibujos","7":"product_tag-dibujo","8":"product_shipping_class-envio-nacional-espana-peninsular","10":"first","11":"instock","12":"sold-individually","13":"taxable","14":"shipping-taxable","15":"purchasable","16":"product-type-simple"},"jetpack_sharing_enabled":true,"_links":{"self":[{"href":"https:\/\/zoozobra.com\/atobasart\/wp-json\/wp\/v2\/product\/224","targetHints":{"allow":["GET"]}}],"collection":[{"href":"https:\/\/zoozobra.com\/atobasart\/wp-json\/wp\/v2\/product"}],"about":[{"href":"https:\/\/zoozobra.com\/atobasart\/wp-json\/wp\/v2\/types\/product"}],"replies":[{"embeddable":true,"href":"https:\/\/zoozobra.com\/atobasart\/wp-json\/wp\/v2\/comments?post=224"}],"wp:featuredmedia":[{"embeddable":true,"href":"https:\/\/zoozobra.com\/atobasart\/wp-json\/wp\/v2\/media\/225"}],"wp:attachment":[{"href":"https:\/\/zoozobra.com\/atobasart\/wp-json\/wp\/v2\/media?parent=224"}],"wp:term":[{"taxonomy":"product_brand","embeddable":true,"href":"https:\/\/zoozobra.com\/atobasart\/wp-json\/wp\/v2\/product_brand?post=224"},{"taxonomy":"product_cat","embeddable":true,"href":"https:\/\/zoozobra.com\/atobasart\/wp-json\/wp\/v2\/product_cat?post=224"},{"taxonomy":"product_tag","embeddable":true,"href":"https:\/\/zoozobra.com\/atobasart\/wp-json\/wp\/v2\/product_tag?post=224"}],"curies":[{"name":"wp","href":"https:\/\/api.w.org\/{rel}","templated":true}]}}