{"id":232,"date":"2025-10-22T16:41:42","date_gmt":"2025-10-22T16:41:42","guid":{"rendered":"https:\/\/zoozobra.com\/atobasart\/?post_type=product&#038;p=232"},"modified":"2025-10-22T16:41:43","modified_gmt":"2025-10-22T16:41:43","slug":"triple-autorretrato","status":"publish","type":"product","link":"https:\/\/zoozobra.com\/atobasart\/producto\/triple-autorretrato\/","title":{"rendered":"Triple autorretrato"},"content":{"rendered":"<p><img loading=\"lazy\" decoding=\"async\" src=\"https:\/\/zoozobra.com\/atobasart\/wp-content\/uploads\/2025\/10\/Foto_Provisional_Coleccion38_Triple-autorretrato_por-Victor-Atobas-1024x899.png\" alt=\"\" width=\"980\" height=\"860\" class=\"aligncenter size-large wp-image-233\" srcset=\"https:\/\/zoozobra.com\/atobasart\/wp-content\/uploads\/2025\/10\/Foto_Provisional_Coleccion38_Triple-autorretrato_por-Victor-Atobas-1024x899.png 1024w, https:\/\/zoozobra.com\/atobasart\/wp-content\/uploads\/2025\/10\/Foto_Provisional_Coleccion38_Triple-autorretrato_por-Victor-Atobas-300x263.png 300w, https:\/\/zoozobra.com\/atobasart\/wp-content\/uploads\/2025\/10\/Foto_Provisional_Coleccion38_Triple-autorretrato_por-Victor-Atobas-768x674.png 768w, https:\/\/zoozobra.com\/atobasart\/wp-content\/uploads\/2025\/10\/Foto_Provisional_Coleccion38_Triple-autorretrato_por-Victor-Atobas-1536x1348.png 1536w\" sizes=\"auto, (max-width: 980px) 100vw, 980px\" \/><br \/>\n&nbsp;<br \/>\n\u201cTriple autorretrato\u201d, V\u00edctor Atobas, 2025<br \/>\nT\u00e9cnica: pintura acr\u00edlica<br \/>\nSoporte: lienzo sobre bastidor (80x70cm)<br \/>\nEstado: a la venta (precio: 800\u20ac, gastos de env\u00edo no incluidos)<br \/>\n&nbsp;<\/p>\n<p>&nbsp;<\/p>\n","protected":false},"excerpt":{"rendered":"<p>&nbsp; \u201cTriple autorretrato\u201d, V\u00edctor Atobas, 2025 T\u00e9cnica: pintura acr\u00edlica Soporte: lienzo sobre bastidor (80x70cm) Estado: a la venta (precio: 800\u20ac, gastos de env\u00edo no incluidos) &nbsp; &nbsp;<\/p>\n","protected":false},"featured_media":233,"comment_status":"open","ping_status":"closed","template":"","meta":[],"product_brand":[],"product_cat":[20],"product_tag":[37,38],"class_list":{"0":"post-232","1":"product","2":"type-product","3":"status-publish","4":"has-post-thumbnail","6":"product_cat-pintura-tradicional","7":"product_tag-pintura","8":"product_tag-pintura-tradicional","9":"product_shipping_class-envio-nacional-espana-peninsular","11":"first","12":"instock","13":"sold-individually","14":"taxable","15":"shipping-taxable","16":"purchasable","17":"product-type-simple"},"jetpack_sharing_enabled":true,"_links":{"self":[{"href":"https:\/\/zoozobra.com\/atobasart\/wp-json\/wp\/v2\/product\/232","targetHints":{"allow":["GET"]}}],"collection":[{"href":"https:\/\/zoozobra.com\/atobasart\/wp-json\/wp\/v2\/product"}],"about":[{"href":"https:\/\/zoozobra.com\/atobasart\/wp-json\/wp\/v2\/types\/product"}],"replies":[{"embeddable":true,"href":"https:\/\/zoozobra.com\/atobasart\/wp-json\/wp\/v2\/comments?post=232"}],"wp:featuredmedia":[{"embeddable":true,"href":"https:\/\/zoozobra.com\/atobasart\/wp-json\/wp\/v2\/media\/233"}],"wp:attachment":[{"href":"https:\/\/zoozobra.com\/atobasart\/wp-json\/wp\/v2\/media?parent=232"}],"wp:term":[{"taxonomy":"product_brand","embeddable":true,"href":"https:\/\/zoozobra.com\/atobasart\/wp-json\/wp\/v2\/product_brand?post=232"},{"taxonomy":"product_cat","embeddable":true,"href":"https:\/\/zoozobra.com\/atobasart\/wp-json\/wp\/v2\/product_cat?post=232"},{"taxonomy":"product_tag","embeddable":true,"href":"https:\/\/zoozobra.com\/atobasart\/wp-json\/wp\/v2\/product_tag?post=232"}],"curies":[{"name":"wp","href":"https:\/\/api.w.org\/{rel}","templated":true}]}}