{"id":240,"date":"2025-11-02T23:22:28","date_gmt":"2025-11-02T23:22:28","guid":{"rendered":"https:\/\/zoozobra.com\/atobasart\/?post_type=product&#038;p=240"},"modified":"2025-11-02T23:22:28","modified_gmt":"2025-11-02T23:22:28","slug":"una-vista-del-patio-del-hospital-del-rey","status":"publish","type":"product","link":"https:\/\/zoozobra.com\/atobasart\/producto\/una-vista-del-patio-del-hospital-del-rey\/","title":{"rendered":"Una vista del patio del Hospital del Rey"},"content":{"rendered":"<p>&nbsp;<br \/>\n<img loading=\"lazy\" decoding=\"async\" src=\"https:\/\/zoozobra.com\/atobasart\/wp-content\/uploads\/2025\/11\/UN8ECA1-1024x725.png\" alt=\"\" width=\"980\" height=\"694\" class=\"aligncenter size-large wp-image-241\" srcset=\"https:\/\/zoozobra.com\/atobasart\/wp-content\/uploads\/2025\/11\/UN8ECA1-1024x725.png 1024w, https:\/\/zoozobra.com\/atobasart\/wp-content\/uploads\/2025\/11\/UN8ECA1-300x212.png 300w, https:\/\/zoozobra.com\/atobasart\/wp-content\/uploads\/2025\/11\/UN8ECA1-768x544.png 768w, https:\/\/zoozobra.com\/atobasart\/wp-content\/uploads\/2025\/11\/UN8ECA1-416x295.png 416w, https:\/\/zoozobra.com\/atobasart\/wp-content\/uploads\/2025\/11\/UN8ECA1.png 1148w\" sizes=\"auto, (max-width: 980px) 100vw, 980px\" \/><br \/>\n&nbsp;<\/p>\n<p>\u201cUna vista del patio del Hospital del Rey\u201d, V\u00edctor Atobas, 2025<br \/>\nT\u00e9cnica: dibujo de t\u00e9cnica mixta<br \/>\nSoporte: papel tama\u00f1o A4 (21&#215;29,7cm)<br \/>\nEstado: a la venta (precio: 150\u20ac, gastos de env\u00edo no incluidos)<br \/>\n&nbsp;<\/p>\n<p>&nbsp;<\/p>\n","protected":false},"excerpt":{"rendered":"<p>&nbsp; &nbsp; \u201cUna vista del patio del Hospital del Rey\u201d, V\u00edctor Atobas, 2025 T\u00e9cnica: dibujo de t\u00e9cnica mixta Soporte: papel tama\u00f1o A4 (21&#215;29,7cm) Estado: a la venta (precio: 150\u20ac, gastos de env\u00edo no incluidos) &nbsp; &nbsp;<\/p>\n","protected":false},"featured_media":241,"comment_status":"open","ping_status":"closed","template":"","meta":[],"product_brand":[],"product_cat":[25],"product_tag":[27],"class_list":{"0":"post-240","1":"product","2":"type-product","3":"status-publish","4":"has-post-thumbnail","6":"product_cat-dibujos","7":"product_tag-dibujo","8":"product_shipping_class-envio-nacional-espana-peninsular","10":"first","11":"instock","12":"sold-individually","13":"taxable","14":"shipping-taxable","15":"purchasable","16":"product-type-simple"},"jetpack_sharing_enabled":true,"_links":{"self":[{"href":"https:\/\/zoozobra.com\/atobasart\/wp-json\/wp\/v2\/product\/240","targetHints":{"allow":["GET"]}}],"collection":[{"href":"https:\/\/zoozobra.com\/atobasart\/wp-json\/wp\/v2\/product"}],"about":[{"href":"https:\/\/zoozobra.com\/atobasart\/wp-json\/wp\/v2\/types\/product"}],"replies":[{"embeddable":true,"href":"https:\/\/zoozobra.com\/atobasart\/wp-json\/wp\/v2\/comments?post=240"}],"wp:featuredmedia":[{"embeddable":true,"href":"https:\/\/zoozobra.com\/atobasart\/wp-json\/wp\/v2\/media\/241"}],"wp:attachment":[{"href":"https:\/\/zoozobra.com\/atobasart\/wp-json\/wp\/v2\/media?parent=240"}],"wp:term":[{"taxonomy":"product_brand","embeddable":true,"href":"https:\/\/zoozobra.com\/atobasart\/wp-json\/wp\/v2\/product_brand?post=240"},{"taxonomy":"product_cat","embeddable":true,"href":"https:\/\/zoozobra.com\/atobasart\/wp-json\/wp\/v2\/product_cat?post=240"},{"taxonomy":"product_tag","embeddable":true,"href":"https:\/\/zoozobra.com\/atobasart\/wp-json\/wp\/v2\/product_tag?post=240"}],"curies":[{"name":"wp","href":"https:\/\/api.w.org\/{rel}","templated":true}]}}