{"id":245,"date":"2025-11-11T17:45:25","date_gmt":"2025-11-11T17:45:25","guid":{"rendered":"https:\/\/zoozobra.com\/atobasart\/?post_type=product&#038;p=245"},"modified":"2025-11-11T17:45:25","modified_gmt":"2025-11-11T17:45:25","slug":"una-tortuga-en-las-aguas-de-isla-sirena","status":"publish","type":"product","link":"https:\/\/zoozobra.com\/atobasart\/producto\/una-tortuga-en-las-aguas-de-isla-sirena\/","title":{"rendered":"Una tortuga en las aguas de Isla Sirena"},"content":{"rendered":"<p><img loading=\"lazy\" decoding=\"async\" src=\"https:\/\/zoozobra.com\/atobasart\/wp-content\/uploads\/2025\/11\/Foto_Provisional_Coleccion40_Una-tortuga-en-las-aguas-de-Isla-Sirena-_por-Victor-Atobas-1024x894.png\" alt=\"\" width=\"980\" height=\"856\" class=\"aligncenter size-large wp-image-246\" srcset=\"https:\/\/zoozobra.com\/atobasart\/wp-content\/uploads\/2025\/11\/Foto_Provisional_Coleccion40_Una-tortuga-en-las-aguas-de-Isla-Sirena-_por-Victor-Atobas-1024x894.png 1024w, https:\/\/zoozobra.com\/atobasart\/wp-content\/uploads\/2025\/11\/Foto_Provisional_Coleccion40_Una-tortuga-en-las-aguas-de-Isla-Sirena-_por-Victor-Atobas-300x262.png 300w, https:\/\/zoozobra.com\/atobasart\/wp-content\/uploads\/2025\/11\/Foto_Provisional_Coleccion40_Una-tortuga-en-las-aguas-de-Isla-Sirena-_por-Victor-Atobas-768x670.png 768w, https:\/\/zoozobra.com\/atobasart\/wp-content\/uploads\/2025\/11\/Foto_Provisional_Coleccion40_Una-tortuga-en-las-aguas-de-Isla-Sirena-_por-Victor-Atobas-1536x1341.png 1536w\" sizes=\"auto, (max-width: 980px) 100vw, 980px\" \/><br \/>\n&nbsp;<br \/>\n\u201cUna tortuga en las aguas de Isla Sirena\u201d, V\u00edctor Atobas, 2025<br \/>\nT\u00e9cnica: pintura acr\u00edlica<br \/>\nSoporte: lienzo sobre bastidor (80x70cm)<br \/>\nEstado: a la venta (precio: 800\u20ac, gastos de env\u00edo no incluidos)<br \/>\n&nbsp;<\/p>\n<p>&nbsp;<\/p>\n","protected":false},"excerpt":{"rendered":"<p>&nbsp; \u201cUna tortuga en las aguas de Isla Sirena\u201d, V\u00edctor Atobas, 2025 T\u00e9cnica: pintura acr\u00edlica Soporte: lienzo sobre bastidor (80x70cm) Estado: a la venta (precio: 800\u20ac, gastos de env\u00edo no incluidos) &nbsp; &nbsp;<\/p>\n","protected":false},"featured_media":246,"comment_status":"open","ping_status":"closed","template":"","meta":[],"product_brand":[],"product_cat":[20],"product_tag":[37,38],"class_list":{"0":"post-245","1":"product","2":"type-product","3":"status-publish","4":"has-post-thumbnail","6":"product_cat-pintura-tradicional","7":"product_tag-pintura","8":"product_tag-pintura-tradicional","9":"product_shipping_class-envio-nacional-espana-peninsular","11":"first","12":"instock","13":"sold-individually","14":"taxable","15":"shipping-taxable","16":"purchasable","17":"product-type-simple"},"jetpack_sharing_enabled":true,"_links":{"self":[{"href":"https:\/\/zoozobra.com\/atobasart\/wp-json\/wp\/v2\/product\/245","targetHints":{"allow":["GET"]}}],"collection":[{"href":"https:\/\/zoozobra.com\/atobasart\/wp-json\/wp\/v2\/product"}],"about":[{"href":"https:\/\/zoozobra.com\/atobasart\/wp-json\/wp\/v2\/types\/product"}],"replies":[{"embeddable":true,"href":"https:\/\/zoozobra.com\/atobasart\/wp-json\/wp\/v2\/comments?post=245"}],"wp:featuredmedia":[{"embeddable":true,"href":"https:\/\/zoozobra.com\/atobasart\/wp-json\/wp\/v2\/media\/246"}],"wp:attachment":[{"href":"https:\/\/zoozobra.com\/atobasart\/wp-json\/wp\/v2\/media?parent=245"}],"wp:term":[{"taxonomy":"product_brand","embeddable":true,"href":"https:\/\/zoozobra.com\/atobasart\/wp-json\/wp\/v2\/product_brand?post=245"},{"taxonomy":"product_cat","embeddable":true,"href":"https:\/\/zoozobra.com\/atobasart\/wp-json\/wp\/v2\/product_cat?post=245"},{"taxonomy":"product_tag","embeddable":true,"href":"https:\/\/zoozobra.com\/atobasart\/wp-json\/wp\/v2\/product_tag?post=245"}],"curies":[{"name":"wp","href":"https:\/\/api.w.org\/{rel}","templated":true}]}}