{"id":262,"date":"2025-12-07T22:15:58","date_gmt":"2025-12-07T22:15:58","guid":{"rendered":"https:\/\/zoozobra.com\/atobasart\/?post_type=product&#038;p=262"},"modified":"2025-12-07T22:15:59","modified_gmt":"2025-12-07T22:15:59","slug":"toda-carta-llega-a-su-destino","status":"publish","type":"product","link":"https:\/\/zoozobra.com\/atobasart\/producto\/toda-carta-llega-a-su-destino\/","title":{"rendered":"Toda carta llega a su destino"},"content":{"rendered":"<p><img loading=\"lazy\" decoding=\"async\" src=\"https:\/\/zoozobra.com\/atobasart\/wp-content\/uploads\/2025\/12\/Toda-carta-llega-a-su-destino_n24_por-Victor-Atobas-1024x729.png\" alt=\"\" width=\"980\" height=\"698\" class=\"aligncenter size-large wp-image-263\" srcset=\"https:\/\/zoozobra.com\/atobasart\/wp-content\/uploads\/2025\/12\/Toda-carta-llega-a-su-destino_n24_por-Victor-Atobas-1024x729.png 1024w, https:\/\/zoozobra.com\/atobasart\/wp-content\/uploads\/2025\/12\/Toda-carta-llega-a-su-destino_n24_por-Victor-Atobas-300x213.png 300w, https:\/\/zoozobra.com\/atobasart\/wp-content\/uploads\/2025\/12\/Toda-carta-llega-a-su-destino_n24_por-Victor-Atobas-768x546.png 768w, https:\/\/zoozobra.com\/atobasart\/wp-content\/uploads\/2025\/12\/Toda-carta-llega-a-su-destino_n24_por-Victor-Atobas-1536x1093.png 1536w\" sizes=\"auto, (max-width: 980px) 100vw, 980px\" \/><br \/>\n&nbsp;<br \/>\n\u201cToda carta llega a su destino\u201d, V\u00edctor Atobas, 2025<br \/>\nT\u00e9cnica: dibujo de t\u00e9cnica mixta<br \/>\nSoporte: papel tama\u00f1o A4 (21&#215;29,7cm)<br \/>\nEstado: a la venta (precio:150\u20ac, no incluye gastos de env\u00edo)<br \/>\n&nbsp;<\/p>\n<p>&nbsp;<\/p>\n","protected":false},"excerpt":{"rendered":"<p>&nbsp; \u201cToda carta llega a su destino\u201d, V\u00edctor Atobas, 2025 T\u00e9cnica: dibujo de t\u00e9cnica mixta Soporte: papel tama\u00f1o A4 (21&#215;29,7cm) Estado: a la venta (precio:150\u20ac, no incluye gastos de env\u00edo) &nbsp; &nbsp;<\/p>\n","protected":false},"featured_media":263,"comment_status":"open","ping_status":"closed","template":"","meta":[],"product_brand":[],"product_cat":[25],"product_tag":[27],"class_list":{"0":"post-262","1":"product","2":"type-product","3":"status-publish","4":"has-post-thumbnail","6":"product_cat-dibujos","7":"product_tag-dibujo","8":"product_shipping_class-envio-nacional-espana-peninsular","10":"first","11":"instock","12":"sold-individually","13":"taxable","14":"shipping-taxable","15":"purchasable","16":"product-type-simple"},"jetpack_sharing_enabled":true,"_links":{"self":[{"href":"https:\/\/zoozobra.com\/atobasart\/wp-json\/wp\/v2\/product\/262","targetHints":{"allow":["GET"]}}],"collection":[{"href":"https:\/\/zoozobra.com\/atobasart\/wp-json\/wp\/v2\/product"}],"about":[{"href":"https:\/\/zoozobra.com\/atobasart\/wp-json\/wp\/v2\/types\/product"}],"replies":[{"embeddable":true,"href":"https:\/\/zoozobra.com\/atobasart\/wp-json\/wp\/v2\/comments?post=262"}],"wp:featuredmedia":[{"embeddable":true,"href":"https:\/\/zoozobra.com\/atobasart\/wp-json\/wp\/v2\/media\/263"}],"wp:attachment":[{"href":"https:\/\/zoozobra.com\/atobasart\/wp-json\/wp\/v2\/media?parent=262"}],"wp:term":[{"taxonomy":"product_brand","embeddable":true,"href":"https:\/\/zoozobra.com\/atobasart\/wp-json\/wp\/v2\/product_brand?post=262"},{"taxonomy":"product_cat","embeddable":true,"href":"https:\/\/zoozobra.com\/atobasart\/wp-json\/wp\/v2\/product_cat?post=262"},{"taxonomy":"product_tag","embeddable":true,"href":"https:\/\/zoozobra.com\/atobasart\/wp-json\/wp\/v2\/product_tag?post=262"}],"curies":[{"name":"wp","href":"https:\/\/api.w.org\/{rel}","templated":true}]}}