{"id":272,"date":"2025-12-24T12:37:10","date_gmt":"2025-12-24T12:37:10","guid":{"rendered":"https:\/\/zoozobra.com\/atobasart\/?post_type=product&#038;p=272"},"modified":"2025-12-24T12:37:11","modified_gmt":"2025-12-24T12:37:11","slug":"retrato-de-un-pez-linterna","status":"publish","type":"product","link":"https:\/\/zoozobra.com\/atobasart\/producto\/retrato-de-un-pez-linterna\/","title":{"rendered":"Retrato de un pez linterna"},"content":{"rendered":"<p><img loading=\"lazy\" decoding=\"async\" src=\"https:\/\/zoozobra.com\/atobasart\/wp-content\/uploads\/2025\/12\/Foto_Provisional_Coleccion43_Retrato-de-un-pez-linterna_por-Victor-Atobas-1024x910.png\" alt=\"\" width=\"980\" height=\"871\" class=\"aligncenter size-large wp-image-273\" srcset=\"https:\/\/zoozobra.com\/atobasart\/wp-content\/uploads\/2025\/12\/Foto_Provisional_Coleccion43_Retrato-de-un-pez-linterna_por-Victor-Atobas-1024x910.png 1024w, https:\/\/zoozobra.com\/atobasart\/wp-content\/uploads\/2025\/12\/Foto_Provisional_Coleccion43_Retrato-de-un-pez-linterna_por-Victor-Atobas-300x267.png 300w, https:\/\/zoozobra.com\/atobasart\/wp-content\/uploads\/2025\/12\/Foto_Provisional_Coleccion43_Retrato-de-un-pez-linterna_por-Victor-Atobas-768x683.png 768w, https:\/\/zoozobra.com\/atobasart\/wp-content\/uploads\/2025\/12\/Foto_Provisional_Coleccion43_Retrato-de-un-pez-linterna_por-Victor-Atobas-1536x1366.png 1536w, https:\/\/zoozobra.com\/atobasart\/wp-content\/uploads\/2025\/12\/Foto_Provisional_Coleccion43_Retrato-de-un-pez-linterna_por-Victor-Atobas-2048x1821.png 2048w, https:\/\/zoozobra.com\/atobasart\/wp-content\/uploads\/2025\/12\/Foto_Provisional_Coleccion43_Retrato-de-un-pez-linterna_por-Victor-Atobas-416x370.png 416w\" sizes=\"auto, (max-width: 980px) 100vw, 980px\" \/><br \/>\n&nbsp;<br \/>\n\u201cRetrato de un pez linterna\u201d, V\u00edctor Atobas, 2025<br \/>\nT\u00e9cnica: pintura acr\u00edlica<br \/>\nSoporte: lienzo sobre bastidor (80x70cm)<br \/>\nEstado: a la venta (precio: 800\u20ac, gastos de env\u00edo no incluidos)<br \/>\n&nbsp;<\/p>\n<p>&nbsp;<\/p>\n<p>&nbsp;<\/p>\n","protected":false},"excerpt":{"rendered":"<p>&nbsp; \u201cRetrato de un pez linterna\u201d, V\u00edctor Atobas, 2025 T\u00e9cnica: pintura acr\u00edlica Soporte: lienzo sobre bastidor (80x70cm) Estado: a la venta (precio: 800\u20ac, gastos de env\u00edo no incluidos) &nbsp; &nbsp; &nbsp;<\/p>\n","protected":false},"featured_media":273,"comment_status":"open","ping_status":"closed","template":"","meta":[],"product_brand":[],"product_cat":[20],"product_tag":[37,38],"class_list":{"0":"post-272","1":"product","2":"type-product","3":"status-publish","4":"has-post-thumbnail","6":"product_cat-pintura-tradicional","7":"product_tag-pintura","8":"product_tag-pintura-tradicional","9":"product_shipping_class-envio-nacional-espana-peninsular","11":"first","12":"instock","13":"sold-individually","14":"taxable","15":"shipping-taxable","16":"purchasable","17":"product-type-simple"},"jetpack_sharing_enabled":true,"_links":{"self":[{"href":"https:\/\/zoozobra.com\/atobasart\/wp-json\/wp\/v2\/product\/272","targetHints":{"allow":["GET"]}}],"collection":[{"href":"https:\/\/zoozobra.com\/atobasart\/wp-json\/wp\/v2\/product"}],"about":[{"href":"https:\/\/zoozobra.com\/atobasart\/wp-json\/wp\/v2\/types\/product"}],"replies":[{"embeddable":true,"href":"https:\/\/zoozobra.com\/atobasart\/wp-json\/wp\/v2\/comments?post=272"}],"wp:featuredmedia":[{"embeddable":true,"href":"https:\/\/zoozobra.com\/atobasart\/wp-json\/wp\/v2\/media\/273"}],"wp:attachment":[{"href":"https:\/\/zoozobra.com\/atobasart\/wp-json\/wp\/v2\/media?parent=272"}],"wp:term":[{"taxonomy":"product_brand","embeddable":true,"href":"https:\/\/zoozobra.com\/atobasart\/wp-json\/wp\/v2\/product_brand?post=272"},{"taxonomy":"product_cat","embeddable":true,"href":"https:\/\/zoozobra.com\/atobasart\/wp-json\/wp\/v2\/product_cat?post=272"},{"taxonomy":"product_tag","embeddable":true,"href":"https:\/\/zoozobra.com\/atobasart\/wp-json\/wp\/v2\/product_tag?post=272"}],"curies":[{"name":"wp","href":"https:\/\/api.w.org\/{rel}","templated":true}]}}