{"id":288,"date":"2026-01-25T23:16:40","date_gmt":"2026-01-25T23:16:40","guid":{"rendered":"https:\/\/zoozobra.com\/atobasart\/?post_type=product&#038;p=288"},"modified":"2026-01-25T23:16:41","modified_gmt":"2026-01-25T23:16:41","slug":"una-vista-del-camping-de-fuentes-blancas","status":"publish","type":"product","link":"https:\/\/zoozobra.com\/atobasart\/producto\/una-vista-del-camping-de-fuentes-blancas\/","title":{"rendered":"Una vista del Camping de Fuentes Blancas"},"content":{"rendered":"<p><img loading=\"lazy\" decoding=\"async\" src=\"https:\/\/zoozobra.com\/atobasart\/wp-content\/uploads\/2026\/01\/UNDFC51-1024x727.png\" alt=\"\" width=\"980\" height=\"696\" class=\"aligncenter size-large wp-image-290\" srcset=\"https:\/\/zoozobra.com\/atobasart\/wp-content\/uploads\/2026\/01\/UNDFC51-1024x727.png 1024w, https:\/\/zoozobra.com\/atobasart\/wp-content\/uploads\/2026\/01\/UNDFC51-300x213.png 300w, https:\/\/zoozobra.com\/atobasart\/wp-content\/uploads\/2026\/01\/UNDFC51-768x545.png 768w, https:\/\/zoozobra.com\/atobasart\/wp-content\/uploads\/2026\/01\/UNDFC51-416x295.png 416w, https:\/\/zoozobra.com\/atobasart\/wp-content\/uploads\/2026\/01\/UNDFC51.png 1148w\" sizes=\"auto, (max-width: 980px) 100vw, 980px\" \/><br \/>\n&nbsp;<br \/>\n\u201cUna vista del Camping de Fuentes Blancas\u201d, V\u00edctor Atobas, 2026<br \/>\nT\u00e9cnica: dibujo de t\u00e9cnica mixta<br \/>\nSoporte: papel tama\u00f1o A4 (21&#215;29,7cm)<br \/>\nEstado: a la venta (precio:150\u20ac, no incluye gastos de env\u00edo)<br \/>\n&nbsp;<\/p>\n<p>&nbsp;<\/p>\n<p>&nbsp;<\/p>\n","protected":false},"excerpt":{"rendered":"<p>&nbsp; \u201cUna vista del Camping de Fuentes Blancas\u201d, V\u00edctor Atobas, 2026 T\u00e9cnica: dibujo de t\u00e9cnica mixta Soporte: papel tama\u00f1o A4 (21&#215;29,7cm) Estado: a la venta (precio:150\u20ac, no incluye gastos de env\u00edo) &nbsp; &nbsp; &nbsp;<\/p>\n","protected":false},"featured_media":290,"comment_status":"open","ping_status":"closed","template":"","meta":[],"product_brand":[],"product_cat":[25],"product_tag":[27],"class_list":{"0":"post-288","1":"product","2":"type-product","3":"status-publish","4":"has-post-thumbnail","6":"product_cat-dibujos","7":"product_tag-dibujo","8":"product_shipping_class-envio-nacional-espana-peninsular","10":"first","11":"instock","12":"taxable","13":"shipping-taxable","14":"purchasable","15":"product-type-simple"},"jetpack_sharing_enabled":true,"_links":{"self":[{"href":"https:\/\/zoozobra.com\/atobasart\/wp-json\/wp\/v2\/product\/288","targetHints":{"allow":["GET"]}}],"collection":[{"href":"https:\/\/zoozobra.com\/atobasart\/wp-json\/wp\/v2\/product"}],"about":[{"href":"https:\/\/zoozobra.com\/atobasart\/wp-json\/wp\/v2\/types\/product"}],"replies":[{"embeddable":true,"href":"https:\/\/zoozobra.com\/atobasart\/wp-json\/wp\/v2\/comments?post=288"}],"wp:featuredmedia":[{"embeddable":true,"href":"https:\/\/zoozobra.com\/atobasart\/wp-json\/wp\/v2\/media\/290"}],"wp:attachment":[{"href":"https:\/\/zoozobra.com\/atobasart\/wp-json\/wp\/v2\/media?parent=288"}],"wp:term":[{"taxonomy":"product_brand","embeddable":true,"href":"https:\/\/zoozobra.com\/atobasart\/wp-json\/wp\/v2\/product_brand?post=288"},{"taxonomy":"product_cat","embeddable":true,"href":"https:\/\/zoozobra.com\/atobasart\/wp-json\/wp\/v2\/product_cat?post=288"},{"taxonomy":"product_tag","embeddable":true,"href":"https:\/\/zoozobra.com\/atobasart\/wp-json\/wp\/v2\/product_tag?post=288"}],"curies":[{"name":"wp","href":"https:\/\/api.w.org\/{rel}","templated":true}]}}