{"id":292,"date":"2026-01-28T17:27:07","date_gmt":"2026-01-28T17:27:07","guid":{"rendered":"https:\/\/zoozobra.com\/atobasart\/?post_type=product&#038;p=292"},"modified":"2026-01-28T17:27:08","modified_gmt":"2026-01-28T17:27:08","slug":"un-desembarco","status":"publish","type":"product","link":"https:\/\/zoozobra.com\/atobasart\/producto\/un-desembarco\/","title":{"rendered":"Un desembarco"},"content":{"rendered":"<p><img loading=\"lazy\" decoding=\"async\" src=\"https:\/\/zoozobra.com\/atobasart\/wp-content\/uploads\/2026\/01\/Foto_Provisional_Coleccion45_Un-desembarco_por-Victor-Atobas-1024x895.png\" alt=\"\" width=\"980\" height=\"857\" class=\"aligncenter size-large wp-image-293\" srcset=\"https:\/\/zoozobra.com\/atobasart\/wp-content\/uploads\/2026\/01\/Foto_Provisional_Coleccion45_Un-desembarco_por-Victor-Atobas-1024x895.png 1024w, https:\/\/zoozobra.com\/atobasart\/wp-content\/uploads\/2026\/01\/Foto_Provisional_Coleccion45_Un-desembarco_por-Victor-Atobas-300x262.png 300w, https:\/\/zoozobra.com\/atobasart\/wp-content\/uploads\/2026\/01\/Foto_Provisional_Coleccion45_Un-desembarco_por-Victor-Atobas-768x672.png 768w, https:\/\/zoozobra.com\/atobasart\/wp-content\/uploads\/2026\/01\/Foto_Provisional_Coleccion45_Un-desembarco_por-Victor-Atobas-1536x1343.png 1536w, https:\/\/zoozobra.com\/atobasart\/wp-content\/uploads\/2026\/01\/Foto_Provisional_Coleccion45_Un-desembarco_por-Victor-Atobas-2048x1791.png 2048w, https:\/\/zoozobra.com\/atobasart\/wp-content\/uploads\/2026\/01\/Foto_Provisional_Coleccion45_Un-desembarco_por-Victor-Atobas-416x364.png 416w\" sizes=\"auto, (max-width: 980px) 100vw, 980px\" \/><br \/>\n&nbsp;<br \/>\n\u201cUn desembarco\u201d, V\u00edctor Atobas, 2026<br \/>\nT\u00e9cnica: pintura acr\u00edlica<br \/>\nSoporte: lienzo sobre bastidor (80x70cm)<br \/>\nEstado: a la venta (precio: 800\u20ac, gastos de env\u00edo no incluidos)<br \/>\n&nbsp;<\/p>\n<p>&nbsp;<\/p>\n<p>&nbsp;<\/p>\n","protected":false},"excerpt":{"rendered":"<p>&nbsp; \u201cUn desembarco\u201d, V\u00edctor Atobas, 2026 T\u00e9cnica: pintura acr\u00edlica Soporte: lienzo sobre bastidor (80x70cm) Estado: a la venta (precio: 800\u20ac, gastos de env\u00edo no incluidos) &nbsp; &nbsp; &nbsp;<\/p>\n","protected":false},"featured_media":293,"comment_status":"open","ping_status":"closed","template":"","meta":[],"product_brand":[],"product_cat":[20],"product_tag":[37],"class_list":{"0":"post-292","1":"product","2":"type-product","3":"status-publish","4":"has-post-thumbnail","6":"product_cat-pintura-tradicional","7":"product_tag-pintura","8":"product_shipping_class-envio-nacional-espana-peninsular","10":"first","11":"instock","12":"sold-individually","13":"taxable","14":"shipping-taxable","15":"purchasable","16":"product-type-simple"},"jetpack_sharing_enabled":true,"_links":{"self":[{"href":"https:\/\/zoozobra.com\/atobasart\/wp-json\/wp\/v2\/product\/292","targetHints":{"allow":["GET"]}}],"collection":[{"href":"https:\/\/zoozobra.com\/atobasart\/wp-json\/wp\/v2\/product"}],"about":[{"href":"https:\/\/zoozobra.com\/atobasart\/wp-json\/wp\/v2\/types\/product"}],"replies":[{"embeddable":true,"href":"https:\/\/zoozobra.com\/atobasart\/wp-json\/wp\/v2\/comments?post=292"}],"wp:featuredmedia":[{"embeddable":true,"href":"https:\/\/zoozobra.com\/atobasart\/wp-json\/wp\/v2\/media\/293"}],"wp:attachment":[{"href":"https:\/\/zoozobra.com\/atobasart\/wp-json\/wp\/v2\/media?parent=292"}],"wp:term":[{"taxonomy":"product_brand","embeddable":true,"href":"https:\/\/zoozobra.com\/atobasart\/wp-json\/wp\/v2\/product_brand?post=292"},{"taxonomy":"product_cat","embeddable":true,"href":"https:\/\/zoozobra.com\/atobasart\/wp-json\/wp\/v2\/product_cat?post=292"},{"taxonomy":"product_tag","embeddable":true,"href":"https:\/\/zoozobra.com\/atobasart\/wp-json\/wp\/v2\/product_tag?post=292"}],"curies":[{"name":"wp","href":"https:\/\/api.w.org\/{rel}","templated":true}]}}