{"id":302,"date":"2026-02-07T18:11:45","date_gmt":"2026-02-07T18:11:45","guid":{"rendered":"https:\/\/zoozobra.com\/atobasart\/?post_type=product&#038;p=302"},"modified":"2026-02-08T22:36:30","modified_gmt":"2026-02-08T22:36:30","slug":"una-gamba-curiosa","status":"publish","type":"product","link":"https:\/\/zoozobra.com\/atobasart\/producto\/una-gamba-curiosa\/","title":{"rendered":"Una gamba curiosa"},"content":{"rendered":"<p>&nbsp;<\/p>\n<p style=\"text-align: center;\"><a href=\"https:\/\/victoratobasart.etsy.com\/es\/listing\/4454118776\/una-gamba-curiosa-print-de-arte\" target=\"_blank\" rel=\"noopener\">M\u00c1S DETALLES EN ETSY<\/a><\/p>\n<p style=\"text-align: center;\"><strong>Tambi\u00e9n se encuentra disponible la pintura original (obra \u00fanica de 80x70cm)<\/strong><\/p>\n<p style=\"text-align: center;\"><strong>Consulta el precio en buzon2[@]zoozobra.com\u00a0<\/strong><\/p>\n","protected":false},"excerpt":{"rendered":"<p>&nbsp; M\u00c1S DETALLES EN ETSY Tambi\u00e9n se encuentra disponible la pintura original (obra \u00fanica de 80x70cm) Consulta el precio en buzon2[@]zoozobra.com\u00a0<\/p>\n","protected":false},"featured_media":303,"comment_status":"open","ping_status":"closed","template":"","meta":[],"product_brand":[],"product_cat":[20],"product_tag":[37,102],"class_list":{"0":"post-302","1":"product","2":"type-product","3":"status-publish","4":"has-post-thumbnail","6":"product_cat-pintura-tradicional","7":"product_tag-pintura","8":"product_tag-prints","10":"first","11":"instock","12":"taxable","13":"shipping-taxable","14":"product-type-external"},"jetpack_sharing_enabled":true,"_links":{"self":[{"href":"https:\/\/zoozobra.com\/atobasart\/wp-json\/wp\/v2\/product\/302","targetHints":{"allow":["GET"]}}],"collection":[{"href":"https:\/\/zoozobra.com\/atobasart\/wp-json\/wp\/v2\/product"}],"about":[{"href":"https:\/\/zoozobra.com\/atobasart\/wp-json\/wp\/v2\/types\/product"}],"replies":[{"embeddable":true,"href":"https:\/\/zoozobra.com\/atobasart\/wp-json\/wp\/v2\/comments?post=302"}],"wp:featuredmedia":[{"embeddable":true,"href":"https:\/\/zoozobra.com\/atobasart\/wp-json\/wp\/v2\/media\/303"}],"wp:attachment":[{"href":"https:\/\/zoozobra.com\/atobasart\/wp-json\/wp\/v2\/media?parent=302"}],"wp:term":[{"taxonomy":"product_brand","embeddable":true,"href":"https:\/\/zoozobra.com\/atobasart\/wp-json\/wp\/v2\/product_brand?post=302"},{"taxonomy":"product_cat","embeddable":true,"href":"https:\/\/zoozobra.com\/atobasart\/wp-json\/wp\/v2\/product_cat?post=302"},{"taxonomy":"product_tag","embeddable":true,"href":"https:\/\/zoozobra.com\/atobasart\/wp-json\/wp\/v2\/product_tag?post=302"}],"curies":[{"name":"wp","href":"https:\/\/api.w.org\/{rel}","templated":true}]}}