{"id":320,"date":"2026-03-01T23:17:46","date_gmt":"2026-03-01T23:17:46","guid":{"rendered":"https:\/\/zoozobra.com\/atobasart\/?post_type=product&#038;p=320"},"modified":"2026-03-01T23:17:46","modified_gmt":"2026-03-01T23:17:46","slug":"una-singular-escoracion","status":"publish","type":"product","link":"https:\/\/zoozobra.com\/atobasart\/producto\/una-singular-escoracion\/","title":{"rendered":"Una singular escoraci\u00f3n"},"content":{"rendered":"<p>&nbsp;<\/p>\n<h2 style=\"text-align: center;\"><a href=\"https:\/\/victoratobasart.etsy.com\/es\/listing\/4465131811\/una-singular-escoracion-print-del-dibujo\" target=\"_blank\" rel=\"noopener\">M\u00c1S INFORMACI\u00d3N EN ETST<\/a><\/h2>\n<h3 style=\"text-align: center;\">Tambi\u00e9n se encuentra disponible la obra \u00fanica original (consultar precio)<\/h3>\n<p>&nbsp;<\/p>\n<p>&nbsp;<\/p>\n<p>&nbsp;<\/p>\n","protected":false},"excerpt":{"rendered":"<p>&nbsp; M\u00c1S INFORMACI\u00d3N EN ETST Tambi\u00e9n se encuentra disponible la obra \u00fanica original (consultar precio) &nbsp; &nbsp; &nbsp;<\/p>\n","protected":false},"featured_media":321,"comment_status":"open","ping_status":"closed","template":"","meta":[],"product_brand":[],"product_cat":[25],"product_tag":[27,102],"class_list":{"0":"post-320","1":"product","2":"type-product","3":"status-publish","4":"has-post-thumbnail","6":"product_cat-dibujos","7":"product_tag-dibujo","8":"product_tag-prints","10":"first","11":"instock","12":"taxable","13":"shipping-taxable","14":"product-type-external"},"jetpack_sharing_enabled":true,"_links":{"self":[{"href":"https:\/\/zoozobra.com\/atobasart\/wp-json\/wp\/v2\/product\/320","targetHints":{"allow":["GET"]}}],"collection":[{"href":"https:\/\/zoozobra.com\/atobasart\/wp-json\/wp\/v2\/product"}],"about":[{"href":"https:\/\/zoozobra.com\/atobasart\/wp-json\/wp\/v2\/types\/product"}],"replies":[{"embeddable":true,"href":"https:\/\/zoozobra.com\/atobasart\/wp-json\/wp\/v2\/comments?post=320"}],"wp:featuredmedia":[{"embeddable":true,"href":"https:\/\/zoozobra.com\/atobasart\/wp-json\/wp\/v2\/media\/321"}],"wp:attachment":[{"href":"https:\/\/zoozobra.com\/atobasart\/wp-json\/wp\/v2\/media?parent=320"}],"wp:term":[{"taxonomy":"product_brand","embeddable":true,"href":"https:\/\/zoozobra.com\/atobasart\/wp-json\/wp\/v2\/product_brand?post=320"},{"taxonomy":"product_cat","embeddable":true,"href":"https:\/\/zoozobra.com\/atobasart\/wp-json\/wp\/v2\/product_cat?post=320"},{"taxonomy":"product_tag","embeddable":true,"href":"https:\/\/zoozobra.com\/atobasart\/wp-json\/wp\/v2\/product_tag?post=320"}],"curies":[{"name":"wp","href":"https:\/\/api.w.org\/{rel}","templated":true}]}}