{"id":323,"date":"2026-03-04T20:33:17","date_gmt":"2026-03-04T20:33:17","guid":{"rendered":"https:\/\/zoozobra.com\/atobasart\/?post_type=product&#038;p=323"},"modified":"2026-03-04T20:33:17","modified_gmt":"2026-03-04T20:33:17","slug":"retrato-de-eponine-junto-a-un-pez","status":"publish","type":"product","link":"https:\/\/zoozobra.com\/atobasart\/producto\/retrato-de-eponine-junto-a-un-pez\/","title":{"rendered":"Retrato de Eponine junto a un pez"},"content":{"rendered":"<h2 style=\"text-align: center;\"><a href=\"https:\/\/victoratobasart.etsy.com\/es\/listing\/4466666083\/retrato-de-eponine-junto-a-un-pez-print\" target=\"_blank\" rel=\"noopener\">M\u00c1S INFORMACI\u00d3N EN ETSY<\/a><\/h2>\n<h3 style=\"text-align: center;\">Tambi\u00e9n disponible la obra original \u00fanica: consulta el precio en buzon2[arroba]zoozobra.com<\/h3>\n","protected":false},"excerpt":{"rendered":"<p>M\u00c1S INFORMACI\u00d3N EN ETSY Tambi\u00e9n disponible la obra original \u00fanica: consulta el precio en buzon2[arroba]zoozobra.com<\/p>\n","protected":false},"featured_media":324,"comment_status":"open","ping_status":"closed","template":"","meta":[],"product_brand":[],"product_cat":[25],"product_tag":[103],"class_list":{"0":"post-323","1":"product","2":"type-product","3":"status-publish","4":"has-post-thumbnail","6":"product_cat-dibujos","7":"product_tag-dibujos","9":"first","10":"instock","11":"taxable","12":"shipping-taxable","13":"product-type-external"},"jetpack_sharing_enabled":true,"_links":{"self":[{"href":"https:\/\/zoozobra.com\/atobasart\/wp-json\/wp\/v2\/product\/323","targetHints":{"allow":["GET"]}}],"collection":[{"href":"https:\/\/zoozobra.com\/atobasart\/wp-json\/wp\/v2\/product"}],"about":[{"href":"https:\/\/zoozobra.com\/atobasart\/wp-json\/wp\/v2\/types\/product"}],"replies":[{"embeddable":true,"href":"https:\/\/zoozobra.com\/atobasart\/wp-json\/wp\/v2\/comments?post=323"}],"wp:featuredmedia":[{"embeddable":true,"href":"https:\/\/zoozobra.com\/atobasart\/wp-json\/wp\/v2\/media\/324"}],"wp:attachment":[{"href":"https:\/\/zoozobra.com\/atobasart\/wp-json\/wp\/v2\/media?parent=323"}],"wp:term":[{"taxonomy":"product_brand","embeddable":true,"href":"https:\/\/zoozobra.com\/atobasart\/wp-json\/wp\/v2\/product_brand?post=323"},{"taxonomy":"product_cat","embeddable":true,"href":"https:\/\/zoozobra.com\/atobasart\/wp-json\/wp\/v2\/product_cat?post=323"},{"taxonomy":"product_tag","embeddable":true,"href":"https:\/\/zoozobra.com\/atobasart\/wp-json\/wp\/v2\/product_tag?post=323"}],"curies":[{"name":"wp","href":"https:\/\/api.w.org\/{rel}","templated":true}]}}