{"id":325,"date":"2026-03-07T16:43:29","date_gmt":"2026-03-07T16:43:29","guid":{"rendered":"https:\/\/zoozobra.com\/atobasart\/?post_type=product&#038;p=325"},"modified":"2026-03-07T16:43:29","modified_gmt":"2026-03-07T16:43:29","slug":"retrato-de-una-agartha-burgalesa","status":"publish","type":"product","link":"https:\/\/zoozobra.com\/atobasart\/producto\/retrato-de-una-agartha-burgalesa\/","title":{"rendered":"Retrato de una agartha burgalesa"},"content":{"rendered":"<h2 style=\"text-align: center;\"><a href=\"https:\/\/victoratobasart.etsy.com\/es\/listing\/4468132218\/retrato-de-una-agartha-burgalesa-print\" target=\"_blank\" rel=\"noopener\"><strong>M\u00c1S INFORMACI\u00d3N EN ETSY<\/strong><\/a><\/h2>\n<h4 style=\"text-align: center;\">(La obra \u00fanica original no se encuentra disponible)<\/h4>\n","protected":false},"excerpt":{"rendered":"<p>M\u00c1S INFORMACI\u00d3N EN ETSY (La obra \u00fanica original no se encuentra disponible)<\/p>\n","protected":false},"featured_media":326,"comment_status":"open","ping_status":"closed","template":"","meta":[],"product_brand":[],"product_cat":[25],"product_tag":[103],"class_list":{"0":"post-325","1":"product","2":"type-product","3":"status-publish","4":"has-post-thumbnail","6":"product_cat-dibujos","7":"product_tag-dibujos","9":"first","10":"instock","11":"taxable","12":"shipping-taxable","13":"product-type-external"},"jetpack_sharing_enabled":true,"_links":{"self":[{"href":"https:\/\/zoozobra.com\/atobasart\/wp-json\/wp\/v2\/product\/325","targetHints":{"allow":["GET"]}}],"collection":[{"href":"https:\/\/zoozobra.com\/atobasart\/wp-json\/wp\/v2\/product"}],"about":[{"href":"https:\/\/zoozobra.com\/atobasart\/wp-json\/wp\/v2\/types\/product"}],"replies":[{"embeddable":true,"href":"https:\/\/zoozobra.com\/atobasart\/wp-json\/wp\/v2\/comments?post=325"}],"wp:featuredmedia":[{"embeddable":true,"href":"https:\/\/zoozobra.com\/atobasart\/wp-json\/wp\/v2\/media\/326"}],"wp:attachment":[{"href":"https:\/\/zoozobra.com\/atobasart\/wp-json\/wp\/v2\/media?parent=325"}],"wp:term":[{"taxonomy":"product_brand","embeddable":true,"href":"https:\/\/zoozobra.com\/atobasart\/wp-json\/wp\/v2\/product_brand?post=325"},{"taxonomy":"product_cat","embeddable":true,"href":"https:\/\/zoozobra.com\/atobasart\/wp-json\/wp\/v2\/product_cat?post=325"},{"taxonomy":"product_tag","embeddable":true,"href":"https:\/\/zoozobra.com\/atobasart\/wp-json\/wp\/v2\/product_tag?post=325"}],"curies":[{"name":"wp","href":"https:\/\/api.w.org\/{rel}","templated":true}]}}