{"id":329,"date":"2026-03-12T16:05:21","date_gmt":"2026-03-12T16:05:21","guid":{"rendered":"https:\/\/zoozobra.com\/atobasart\/?post_type=product&#038;p=329"},"modified":"2026-03-12T16:05:21","modified_gmt":"2026-03-12T16:05:21","slug":"retrato-de-una-escritora-burgalesa","status":"publish","type":"product","link":"https:\/\/zoozobra.com\/atobasart\/producto\/retrato-de-una-escritora-burgalesa\/","title":{"rendered":"Retrato de una escritora burgalesa"},"content":{"rendered":"<h2 style=\"text-align: center;\"><a href=\"https:\/\/victoratobasart.etsy.com\/es\/listing\/4470847787\/retrato-de-una-escritora-burgalesa-print\" target=\"_blank\" rel=\"noopener\">M\u00c1S INFORMACI\u00d3N EN ETSY<\/a><\/h2>\n<hr \/>\n<h3 style=\"text-align: center;\">(Consulta precio y disponibilidad de la obra \u00fanica original en buzon2[arroba]zoozobra.com)<\/h3>\n<p>&nbsp;<\/p>\n<p>&nbsp;<\/p>\n<p>&nbsp;<\/p>\n<hr \/>\n<p>&nbsp;<\/p>\n","protected":false},"excerpt":{"rendered":"<p>M\u00c1S INFORMACI\u00d3N EN ETSY (Consulta precio y disponibilidad de la obra \u00fanica original en buzon2[arroba]zoozobra.com) &nbsp; &nbsp; &nbsp; &nbsp;<\/p>\n","protected":false},"featured_media":330,"comment_status":"open","ping_status":"closed","template":"","meta":[],"product_brand":[],"product_cat":[25],"product_tag":[103],"class_list":{"0":"post-329","1":"product","2":"type-product","3":"status-publish","4":"has-post-thumbnail","6":"product_cat-dibujos","7":"product_tag-dibujos","9":"first","10":"instock","11":"taxable","12":"shipping-taxable","13":"product-type-external"},"jetpack_sharing_enabled":true,"_links":{"self":[{"href":"https:\/\/zoozobra.com\/atobasart\/wp-json\/wp\/v2\/product\/329","targetHints":{"allow":["GET"]}}],"collection":[{"href":"https:\/\/zoozobra.com\/atobasart\/wp-json\/wp\/v2\/product"}],"about":[{"href":"https:\/\/zoozobra.com\/atobasart\/wp-json\/wp\/v2\/types\/product"}],"replies":[{"embeddable":true,"href":"https:\/\/zoozobra.com\/atobasart\/wp-json\/wp\/v2\/comments?post=329"}],"wp:featuredmedia":[{"embeddable":true,"href":"https:\/\/zoozobra.com\/atobasart\/wp-json\/wp\/v2\/media\/330"}],"wp:attachment":[{"href":"https:\/\/zoozobra.com\/atobasart\/wp-json\/wp\/v2\/media?parent=329"}],"wp:term":[{"taxonomy":"product_brand","embeddable":true,"href":"https:\/\/zoozobra.com\/atobasart\/wp-json\/wp\/v2\/product_brand?post=329"},{"taxonomy":"product_cat","embeddable":true,"href":"https:\/\/zoozobra.com\/atobasart\/wp-json\/wp\/v2\/product_cat?post=329"},{"taxonomy":"product_tag","embeddable":true,"href":"https:\/\/zoozobra.com\/atobasart\/wp-json\/wp\/v2\/product_tag?post=329"}],"curies":[{"name":"wp","href":"https:\/\/api.w.org\/{rel}","templated":true}]}}