{"id":331,"date":"2026-03-15T23:08:48","date_gmt":"2026-03-15T23:08:48","guid":{"rendered":"https:\/\/zoozobra.com\/atobasart\/?post_type=product&#038;p=331"},"modified":"2026-03-15T23:08:48","modified_gmt":"2026-03-15T23:08:48","slug":"un-barco-no-tan-vikingo","status":"publish","type":"product","link":"https:\/\/zoozobra.com\/atobasart\/producto\/un-barco-no-tan-vikingo\/","title":{"rendered":"Un barco no tan vikingo"},"content":{"rendered":"<p>&nbsp;<\/p>\n<p>\u201cUn barco no tan vikingo\u201d, V\u00edctor Atobas, 2026<br \/>\nT\u00e9cnica: dibujo de t\u00e9cnica mixta<br \/>\nSoporte: papel tama\u00f1o A4 (21&#215;29,7cm)<\/p>\n<h3 style=\"text-align: center;\">Consulta precio y disponibilidad de la obra \u00fanica original en buzon2[arroba]zoozobra.com<\/h3>\n<hr \/>\n<p>&nbsp;<\/p>\n","protected":false},"excerpt":{"rendered":"<p>&nbsp; \u201cUn barco no tan vikingo\u201d, V\u00edctor Atobas, 2026 T\u00e9cnica: dibujo de t\u00e9cnica mixta Soporte: papel tama\u00f1o A4 (21&#215;29,7cm) Consulta precio y disponibilidad de la obra \u00fanica original en buzon2[arroba]zoozobra.com &nbsp;<\/p>\n","protected":false},"featured_media":332,"comment_status":"open","ping_status":"closed","template":"","meta":[],"product_brand":[],"product_cat":[25],"product_tag":[103],"class_list":{"0":"post-331","1":"product","2":"type-product","3":"status-publish","4":"has-post-thumbnail","6":"product_cat-dibujos","7":"product_tag-dibujos","9":"first","10":"instock","11":"sold-individually","12":"taxable","13":"shipping-taxable","14":"product-type-simple"},"jetpack_sharing_enabled":true,"_links":{"self":[{"href":"https:\/\/zoozobra.com\/atobasart\/wp-json\/wp\/v2\/product\/331","targetHints":{"allow":["GET"]}}],"collection":[{"href":"https:\/\/zoozobra.com\/atobasart\/wp-json\/wp\/v2\/product"}],"about":[{"href":"https:\/\/zoozobra.com\/atobasart\/wp-json\/wp\/v2\/types\/product"}],"replies":[{"embeddable":true,"href":"https:\/\/zoozobra.com\/atobasart\/wp-json\/wp\/v2\/comments?post=331"}],"wp:featuredmedia":[{"embeddable":true,"href":"https:\/\/zoozobra.com\/atobasart\/wp-json\/wp\/v2\/media\/332"}],"wp:attachment":[{"href":"https:\/\/zoozobra.com\/atobasart\/wp-json\/wp\/v2\/media?parent=331"}],"wp:term":[{"taxonomy":"product_brand","embeddable":true,"href":"https:\/\/zoozobra.com\/atobasart\/wp-json\/wp\/v2\/product_brand?post=331"},{"taxonomy":"product_cat","embeddable":true,"href":"https:\/\/zoozobra.com\/atobasart\/wp-json\/wp\/v2\/product_cat?post=331"},{"taxonomy":"product_tag","embeddable":true,"href":"https:\/\/zoozobra.com\/atobasart\/wp-json\/wp\/v2\/product_tag?post=331"}],"curies":[{"name":"wp","href":"https:\/\/api.w.org\/{rel}","templated":true}]}}