{"id":339,"date":"2026-03-22T23:07:36","date_gmt":"2026-03-22T23:07:36","guid":{"rendered":"https:\/\/zoozobra.com\/atobasart\/?post_type=product&#038;p=339"},"modified":"2026-03-22T23:07:36","modified_gmt":"2026-03-22T23:07:36","slug":"amor-mas-alla-del-ayer","status":"publish","type":"product","link":"https:\/\/zoozobra.com\/atobasart\/producto\/amor-mas-alla-del-ayer\/","title":{"rendered":"Amor m\u00e1s all\u00e1 del ayer"},"content":{"rendered":"<p>\u201cAmor m\u00e1s all\u00e1 del ayer\u201d, V\u00edctor Atobas, 2026<br \/>\nT\u00e9cnica: dibujo de t\u00e9cnica mixta<br \/>\nSoporte: papel tama\u00f1o A4 (21\u00d729,7cm)<\/p>\n<hr \/>\n<h3 style=\"text-align: center;\">Consulta precio y disponibilidad de la obra \u00fanica original en buzon2[arroba]zoozobra.com<\/h3>\n","protected":false},"excerpt":{"rendered":"<p>\u201cAmor m\u00e1s all\u00e1 del ayer\u201d, V\u00edctor Atobas, 2026 T\u00e9cnica: dibujo de t\u00e9cnica mixta Soporte: papel tama\u00f1o A4 (21\u00d729,7cm) Consulta precio y disponibilidad de la obra \u00fanica original en buzon2[arroba]zoozobra.com<\/p>\n","protected":false},"featured_media":340,"comment_status":"open","ping_status":"closed","template":"","meta":[],"product_brand":[],"product_cat":[25],"product_tag":[27,103],"class_list":{"0":"post-339","1":"product","2":"type-product","3":"status-publish","4":"has-post-thumbnail","6":"product_cat-dibujos","7":"product_tag-dibujo","8":"product_tag-dibujos","10":"first","11":"instock","12":"sold-individually","13":"taxable","14":"shipping-taxable","15":"product-type-simple"},"jetpack_sharing_enabled":true,"_links":{"self":[{"href":"https:\/\/zoozobra.com\/atobasart\/wp-json\/wp\/v2\/product\/339","targetHints":{"allow":["GET"]}}],"collection":[{"href":"https:\/\/zoozobra.com\/atobasart\/wp-json\/wp\/v2\/product"}],"about":[{"href":"https:\/\/zoozobra.com\/atobasart\/wp-json\/wp\/v2\/types\/product"}],"replies":[{"embeddable":true,"href":"https:\/\/zoozobra.com\/atobasart\/wp-json\/wp\/v2\/comments?post=339"}],"wp:featuredmedia":[{"embeddable":true,"href":"https:\/\/zoozobra.com\/atobasart\/wp-json\/wp\/v2\/media\/340"}],"wp:attachment":[{"href":"https:\/\/zoozobra.com\/atobasart\/wp-json\/wp\/v2\/media?parent=339"}],"wp:term":[{"taxonomy":"product_brand","embeddable":true,"href":"https:\/\/zoozobra.com\/atobasart\/wp-json\/wp\/v2\/product_brand?post=339"},{"taxonomy":"product_cat","embeddable":true,"href":"https:\/\/zoozobra.com\/atobasart\/wp-json\/wp\/v2\/product_cat?post=339"},{"taxonomy":"product_tag","embeddable":true,"href":"https:\/\/zoozobra.com\/atobasart\/wp-json\/wp\/v2\/product_tag?post=339"}],"curies":[{"name":"wp","href":"https:\/\/api.w.org\/{rel}","templated":true}]}}