{"id":349,"date":"2026-04-07T18:00:49","date_gmt":"2026-04-07T18:00:49","guid":{"rendered":"https:\/\/zoozobra.com\/atobasart\/?post_type=product&#038;p=349"},"modified":"2026-04-07T18:00:50","modified_gmt":"2026-04-07T18:00:50","slug":"retrato-de-oscar-esquivias","status":"publish","type":"product","link":"https:\/\/zoozobra.com\/atobasart\/producto\/retrato-de-oscar-esquivias\/","title":{"rendered":"Retrato de \u00d3scar Esquivias"},"content":{"rendered":"<p>\u201cRetrato de \u00d3scar Esquivias\u201d, V\u00edctor Atobas, 2026<br \/>\nT\u00e9cnica: dibujo de t\u00e9cnica mixta<br \/>\nSoporte: papel tama\u00f1o A4 (21\u00d729,7cm)<\/p>\n<hr \/>\n<h3 style=\"text-align: center;\">Consulta precio y disponibilidad de la obra \u00fanica original en buzon2[arroba]zoozobra.com<\/h3>\n","protected":false},"excerpt":{"rendered":"<p>\u201cRetrato de \u00d3scar Esquivias\u201d, V\u00edctor Atobas, 2026 T\u00e9cnica: dibujo de t\u00e9cnica mixta Soporte: papel tama\u00f1o A4 (21\u00d729,7cm) Consulta precio y disponibilidad de la obra \u00fanica original en buzon2[arroba]zoozobra.com<\/p>\n","protected":false},"featured_media":350,"comment_status":"open","ping_status":"closed","template":"","meta":[],"product_brand":[],"product_cat":[25],"product_tag":[27,103],"class_list":{"0":"post-349","1":"product","2":"type-product","3":"status-publish","4":"has-post-thumbnail","6":"product_cat-dibujos","7":"product_tag-dibujo","8":"product_tag-dibujos","10":"first","11":"instock","12":"taxable","13":"shipping-taxable","14":"product-type-simple"},"jetpack_sharing_enabled":true,"_links":{"self":[{"href":"https:\/\/zoozobra.com\/atobasart\/wp-json\/wp\/v2\/product\/349","targetHints":{"allow":["GET"]}}],"collection":[{"href":"https:\/\/zoozobra.com\/atobasart\/wp-json\/wp\/v2\/product"}],"about":[{"href":"https:\/\/zoozobra.com\/atobasart\/wp-json\/wp\/v2\/types\/product"}],"replies":[{"embeddable":true,"href":"https:\/\/zoozobra.com\/atobasart\/wp-json\/wp\/v2\/comments?post=349"}],"wp:featuredmedia":[{"embeddable":true,"href":"https:\/\/zoozobra.com\/atobasart\/wp-json\/wp\/v2\/media\/350"}],"wp:attachment":[{"href":"https:\/\/zoozobra.com\/atobasart\/wp-json\/wp\/v2\/media?parent=349"}],"wp:term":[{"taxonomy":"product_brand","embeddable":true,"href":"https:\/\/zoozobra.com\/atobasart\/wp-json\/wp\/v2\/product_brand?post=349"},{"taxonomy":"product_cat","embeddable":true,"href":"https:\/\/zoozobra.com\/atobasart\/wp-json\/wp\/v2\/product_cat?post=349"},{"taxonomy":"product_tag","embeddable":true,"href":"https:\/\/zoozobra.com\/atobasart\/wp-json\/wp\/v2\/product_tag?post=349"}],"curies":[{"name":"wp","href":"https:\/\/api.w.org\/{rel}","templated":true}]}}